{"id":632,"date":"2025-02-17T08:01:53","date_gmt":"2025-02-17T08:01:53","guid":{"rendered":"https:\/\/trusting-wing.217-170-194-30.plesk.page\/index.php\/kontakt-oss\/"},"modified":"2026-03-13T22:59:04","modified_gmt":"2026-03-13T21:59:04","slug":"kontakt-oss","status":"publish","type":"page","link":"https:\/\/arcaiosolutions.com\/sv\/kontakt-oss\/","title":{"rendered":"Kontakta oss"},"content":{"rendered":"\t\t<div data-elementor-type=\"wp-page\" data-elementor-id=\"632\" class=\"elementor elementor-632\" data-elementor-post-type=\"page\">\n\t\t\t\t<div class=\"elementor-element elementor-element-fbd9226 e-flex e-con-boxed e-con e-parent\" data-id=\"fbd9226\" data-element_type=\"container\" data-e-type=\"container\" data-settings=\"{&quot;background_background&quot;:&quot;classic&quot;}\">\n\t\t\t\t\t<div class=\"e-con-inner\">\n\t\t<div class=\"elementor-element elementor-element-27fe2f2 e-con-full e-flex e-con e-child\" data-id=\"27fe2f2\" data-element_type=\"container\" data-e-type=\"container\">\n\t\t\t\t<\/div>\n\t\t\t\t\t<\/div>\n\t\t\t\t<\/div>\n\t\t<div class=\"elementor-element elementor-element-e017c27 e-flex e-con-boxed e-con e-parent\" data-id=\"e017c27\" data-element_type=\"container\" data-e-type=\"container\">\n\t\t\t\t\t<div class=\"e-con-inner\">\n\t\t<div class=\"elementor-element elementor-element-ae46bda e-con-full e-flex e-con e-child\" data-id=\"ae46bda\" data-element_type=\"container\" data-e-type=\"container\">\n\t\t<div class=\"elementor-element elementor-element-444e735 e-con-full e-flex e-con e-child\" data-id=\"444e735\" data-element_type=\"container\" data-e-type=\"container\">\n\t\t\t\t<div class=\"elementor-element elementor-element-892ded8 elementor-view-stacked elementor-widget__width-initial elementor-shape-circle elementor-position-block-start elementor-mobile-position-block-start elementor-widget elementor-widget-icon-box\" data-id=\"892ded8\" data-element_type=\"widget\" data-e-type=\"widget\" data-widget_type=\"icon-box.default\">\n\t\t\t\t<div class=\"elementor-widget-container\">\n\t\t\t\t\t\t\t<div class=\"elementor-icon-box-wrapper\">\n\n\t\t\t\t\t\t<div class=\"elementor-icon-box-icon\">\n\t\t\t\t<a href=\"tel:004769155240\" class=\"elementor-icon\" tabindex=\"-1\" aria-label=\"Telefon\">\n\t\t\t\t<svg aria-hidden=\"true\" class=\"e-font-icon-svg e-fas-phone-alt\" viewBox=\"0 0 512 512\" xmlns=\"http:\/\/www.w3.org\/2000\/svg\"><path d=\"M497.39 361.8l-112-48a24 24 0 0 0-28 6.9l-49.6 60.6A370.66 370.66 0 0 1 130.6 204.11l60.6-49.6a23.94 23.94 0 0 0 6.9-28l-48-112A24.16 24.16 0 0 0 122.6.61l-104 24A24 24 0 0 0 0 48c0 256.5 207.9 464 464 464a24 24 0 0 0 23.4-18.6l24-104a24.29 24.29 0 0 0-14.01-27.6z\"><\/path><\/svg>\t\t\t\t<\/a>\n\t\t\t<\/div>\n\t\t\t\n\t\t\t\t\t\t<div class=\"elementor-icon-box-content\">\n\n\t\t\t\t\t\t\t\t\t<h3 class=\"elementor-icon-box-title\">\n\t\t\t\t\t\t<a href=\"tel:004769155240\" >\n\t\t\t\t\t\t\tTelefon\t\t\t\t\t\t<\/a>\n\t\t\t\t\t<\/h3>\n\t\t\t\t\n\t\t\t\t\t\t\t\t\t<p class=\"elementor-icon-box-description\">\n\t\t\t\t\t\t(+47) 400 30 522\t\t\t\t\t<\/p>\n\t\t\t\t\n\t\t\t<\/div>\n\t\t\t\n\t\t<\/div>\n\t\t\t\t\t\t<\/div>\n\t\t\t\t<\/div>\n\t\t\t\t<div class=\"elementor-element elementor-element-1565f6b elementor-view-stacked elementor-widget__width-initial elementor-shape-circle elementor-position-block-start elementor-mobile-position-block-start elementor-widget elementor-widget-icon-box\" data-id=\"1565f6b\" data-element_type=\"widget\" data-e-type=\"widget\" data-widget_type=\"icon-box.default\">\n\t\t\t\t<div class=\"elementor-widget-container\">\n\t\t\t\t\t\t\t<div class=\"elementor-icon-box-wrapper\">\n\n\t\t\t\t\t\t<div class=\"elementor-icon-box-icon\">\n\t\t\t\t<a href=\"mailto:kontakt@arcaio.no\" class=\"elementor-icon\" tabindex=\"-1\" aria-label=\"E-post\">\n\t\t\t\t<svg aria-hidden=\"true\" class=\"e-font-icon-svg e-fas-envelope\" viewBox=\"0 0 512 512\" xmlns=\"http:\/\/www.w3.org\/2000\/svg\"><path d=\"M502.3 190.8c3.9-3.1 9.7-.2 9.7 4.7V400c0 26.5-21.5 48-48 48H48c-26.5 0-48-21.5-48-48V195.6c0-5 5.7-7.8 9.7-4.7 22.4 17.4 52.1 39.5 154.1 113.6 21.1 15.4 56.7 47.8 92.2 47.6 35.7.3 72-32.8 92.3-47.6 102-74.1 131.6-96.3 154-113.7zM256 320c23.2.4 56.6-29.2 73.4-41.4 132.7-96.3 142.8-104.7 173.4-128.7 5.8-4.5 9.2-11.5 9.2-18.9v-19c0-26.5-21.5-48-48-48H48C21.5 64 0 85.5 0 112v19c0 7.4 3.4 14.3 9.2 18.9 30.6 23.9 40.7 32.4 173.4 128.7 16.8 12.2 50.2 41.8 73.4 41.4z\"><\/path><\/svg>\t\t\t\t<\/a>\n\t\t\t<\/div>\n\t\t\t\n\t\t\t\t\t\t<div class=\"elementor-icon-box-content\">\n\n\t\t\t\t\t\t\t\t\t<h3 class=\"elementor-icon-box-title\">\n\t\t\t\t\t\t<a href=\"mailto:kontakt@arcaio.no\" >\n\t\t\t\t\t\t\tE-post\t\t\t\t\t\t<\/a>\n\t\t\t\t\t<\/h3>\n\t\t\t\t\n\t\t\t\t\t\t\t\t\t<p class=\"elementor-icon-box-description\">\n\t\t\t\t\t\tkontakt@arcaio.no\t\t\t\t\t<\/p>\n\t\t\t\t\n\t\t\t<\/div>\n\t\t\t\n\t\t<\/div>\n\t\t\t\t\t\t<\/div>\n\t\t\t\t<\/div>\n\t\t\t\t<div class=\"elementor-element elementor-element-3307c53 elementor-view-stacked elementor-widget__width-initial elementor-shape-circle elementor-position-block-start elementor-mobile-position-block-start elementor-widget elementor-widget-icon-box\" data-id=\"3307c53\" data-element_type=\"widget\" data-e-type=\"widget\" data-widget_type=\"icon-box.default\">\n\t\t\t\t<div class=\"elementor-widget-container\">\n\t\t\t\t\t\t\t<div class=\"elementor-icon-box-wrapper\">\n\n\t\t\t\t\t\t<div class=\"elementor-icon-box-icon\">\n\t\t\t\t<a href=\"https:\/\/www.google.com\/maps\/place\/Sandesundsveien+3b,+1706+Sarpsborg\/@59.2827647,11.1062613,546m\/data=!3m2!1e3!4b1!4m6!3m5!1s0x464406869b0ed7fb:0xe25883167ec5e326!8m2!3d59.2827647!4d11.1088362!16s%2Fg%2F11xt3mm_yd?entry=ttu&#038;g_ep=EgoyMDI1MTIwOS4wIKXMDSoASAFQAw%3D%3D\" target=\"_blank\" class=\"elementor-icon\" tabindex=\"-1\" aria-label=\"Adresse\">\n\t\t\t\t<svg aria-hidden=\"true\" class=\"e-font-icon-svg e-fas-map-marker-alt\" viewBox=\"0 0 384 512\" xmlns=\"http:\/\/www.w3.org\/2000\/svg\"><path d=\"M172.268 501.67C26.97 291.031 0 269.413 0 192 0 85.961 85.961 0 192 0s192 85.961 192 192c0 77.413-26.97 99.031-172.268 309.67-9.535 13.774-29.93 13.773-39.464 0zM192 272c44.183 0 80-35.817 80-80s-35.817-80-80-80-80 35.817-80 80 35.817 80 80 80z\"><\/path><\/svg>\t\t\t\t<\/a>\n\t\t\t<\/div>\n\t\t\t\n\t\t\t\t\t\t<div class=\"elementor-icon-box-content\">\n\n\t\t\t\t\t\t\t\t\t<h3 class=\"elementor-icon-box-title\">\n\t\t\t\t\t\t<a href=\"https:\/\/www.google.com\/maps\/place\/Sandesundsveien+3b,+1706+Sarpsborg\/@59.2827647,11.1062613,546m\/data=!3m2!1e3!4b1!4m6!3m5!1s0x464406869b0ed7fb:0xe25883167ec5e326!8m2!3d59.2827647!4d11.1088362!16s%2Fg%2F11xt3mm_yd?entry=ttu&#038;g_ep=EgoyMDI1MTIwOS4wIKXMDSoASAFQAw%3D%3D\" target=\"_blank\" >\n\t\t\t\t\t\t\tAdresse\t\t\t\t\t\t<\/a>\n\t\t\t\t\t<\/h3>\n\t\t\t\t\n\t\t\t\t\t\t\t\t\t<p class=\"elementor-icon-box-description\">\n\t\t\t\t\t\tSandesundveien 3b, 1706 Sarpsborg\t\t\t\t\t<\/p>\n\t\t\t\t\n\t\t\t<\/div>\n\t\t\t\n\t\t<\/div>\n\t\t\t\t\t\t<\/div>\n\t\t\t\t<\/div>\n\t\t\t\t<\/div>\n\t\t\t\t<\/div>\n\t\t<div class=\"elementor-element elementor-element-6fbe74c e-con-full e-flex e-con e-child\" data-id=\"6fbe74c\" data-element_type=\"container\" data-e-type=\"container\">\n\t\t<div class=\"elementor-element elementor-element-f12fc2d e-con-full e-flex e-con e-child\" data-id=\"f12fc2d\" data-element_type=\"container\" data-e-type=\"container\">\n\t\t\t\t<div class=\"elementor-element elementor-element-b24b9c5 elementor-widget elementor-widget-heading\" data-id=\"b24b9c5\" data-element_type=\"widget\" data-e-type=\"widget\" data-widget_type=\"heading.default\">\n\t\t\t\t<div class=\"elementor-widget-container\">\n\t\t\t\t\t<h2 class=\"elementor-heading-title elementor-size-default\">Har du et konsept du dr\u00f8mmer om?<\/h2>\t\t\t\t<\/div>\n\t\t\t\t<\/div>\n\t\t\t\t<div class=\"elementor-element elementor-element-4e3955b elementor-button-align-start elementor-widget elementor-widget-form\" data-id=\"4e3955b\" data-element_type=\"widget\" data-e-type=\"widget\" data-settings=\"{&quot;step_next_label&quot;:&quot;Neste&quot;,&quot;step_previous_label&quot;:&quot;Forrige&quot;,&quot;button_width&quot;:&quot;100&quot;,&quot;step_type&quot;:&quot;number_text&quot;,&quot;step_icon_shape&quot;:&quot;circle&quot;}\" data-widget_type=\"form.default\">\n\t\t\t\t<div class=\"elementor-widget-container\">\n\t\t\t\t\t\t\t<form class=\"elementor-form\" method=\"post\" id=\"kontaktskjema_kontaktoss\" name=\"Kontaktskjema_kontaktoss\" aria-label=\"Kontaktskjema_kontaktoss\">\n\t\t\t<input type=\"hidden\" name=\"post_id\" value=\"632\"\/>\n\t\t\t<input type=\"hidden\" name=\"form_id\" value=\"4e3955b\"\/>\n\t\t\t<input type=\"hidden\" name=\"referer_title\" value=\"Arcaio AS\" \/>\n\n\t\t\t\n\t\t\t<div class=\"elementor-form-fields-wrapper elementor-labels-above\">\n\t\t\t\t\t\t\t\t<div class=\"elementor-field-type-text elementor-field-group elementor-column elementor-field-group-navn elementor-col-50 elementor-field-required elementor-mark-required\">\n\t\t\t\t\t\t\t\t\t\t\t\t<label for=\"form-field-navn\" class=\"elementor-field-label\">\n\t\t\t\t\t\t\t\tFornavn og etternavn:\t\t\t\t\t\t\t<\/label>\n\t\t\t\t\t\t\t\t\t\t\t\t\t\t<input size=\"1\" type=\"text\" name=\"form_fields[navn]\" id=\"form-field-navn\" class=\"elementor-field elementor-size-md  elementor-field-textual\" placeholder=\"Fornavn og etternavn *\" required=\"required\">\n\t\t\t\t\t\t\t\t\t\t\t<\/div>\n\t\t\t\t\t\t\t\t<div class=\"elementor-field-type-text elementor-field-group elementor-column elementor-field-group-bedrift elementor-col-50 elementor-field-required elementor-mark-required\">\n\t\t\t\t\t\t\t\t\t\t\t\t<label for=\"form-field-bedrift\" class=\"elementor-field-label\">\n\t\t\t\t\t\t\t\tBedrift:\t\t\t\t\t\t\t<\/label>\n\t\t\t\t\t\t\t\t\t\t\t\t\t\t<input size=\"1\" type=\"text\" name=\"form_fields[bedrift]\" id=\"form-field-bedrift\" class=\"elementor-field elementor-size-md  elementor-field-textual\" placeholder=\"Bedrift *\" required=\"required\">\n\t\t\t\t\t\t\t\t\t\t\t<\/div>\n\t\t\t\t\t\t\t\t<div class=\"elementor-field-type-email elementor-field-group elementor-column elementor-field-group-epost elementor-col-50 elementor-field-required elementor-mark-required\">\n\t\t\t\t\t\t\t\t\t\t\t\t<label for=\"form-field-epost\" class=\"elementor-field-label\">\n\t\t\t\t\t\t\t\tE-post:\t\t\t\t\t\t\t<\/label>\n\t\t\t\t\t\t\t\t\t\t\t\t\t\t<input size=\"1\" type=\"email\" name=\"form_fields[epost]\" id=\"form-field-epost\" class=\"elementor-field elementor-size-md  elementor-field-textual\" placeholder=\"E-post *\" required=\"required\">\n\t\t\t\t\t\t\t\t\t\t\t<\/div>\n\t\t\t\t\t\t\t\t<div class=\"elementor-field-type-tel elementor-field-group elementor-column elementor-field-group-tlf elementor-col-50 elementor-field-required elementor-mark-required\">\n\t\t\t\t\t\t\t\t\t\t\t\t<label for=\"form-field-tlf\" class=\"elementor-field-label\">\n\t\t\t\t\t\t\t\tTlf.nummer:\t\t\t\t\t\t\t<\/label>\n\t\t\t\t\t\t\t\t<input size=\"1\" type=\"tel\" name=\"form_fields[tlf]\" id=\"form-field-tlf\" class=\"elementor-field elementor-size-md  elementor-field-textual\" placeholder=\"Telefonnummer *\" required=\"required\" pattern=\"[0-9()#&amp;+*-=.]+\" title=\"Endast siffror och telefontecken (#, -, *, etc) accepteras.\">\n\n\t\t\t\t\t\t<\/div>\n\t\t\t\t\t\t\t\t<div class=\"elementor-field-type-textarea elementor-field-group elementor-column elementor-field-group-mld elementor-col-100 elementor-field-required elementor-mark-required\">\n\t\t\t\t\t\t\t\t\t\t\t\t<label for=\"form-field-mld\" class=\"elementor-field-label\">\n\t\t\t\t\t\t\t\tSkriv inn din melding her:\t\t\t\t\t\t\t<\/label>\n\t\t\t\t\t\t<textarea class=\"elementor-field-textual elementor-field  elementor-size-md\" name=\"form_fields[mld]\" id=\"form-field-mld\" rows=\"4\" placeholder=\"Skriv inn din melding her.. *\" required=\"required\"><\/textarea>\t\t\t\t<\/div>\n\t\t\t\t\t\t\t\t<div class=\"elementor-field-type-hidden elementor-field-group elementor-column elementor-field-group-sf elementor-col-100\">\n\t\t\t\t\t\t\t\t\t\t\t\t\t<input size=\"1\" type=\"hidden\" name=\"form_fields[sf]\" id=\"form-field-sf\" class=\"elementor-field elementor-size-md  elementor-field-textual\">\n\t\t\t\t\t\t\t\t\t\t\t<\/div>\n\t\t\t\t\t\t\t\t<div class=\"elementor-field-type-recaptcha_v3 elementor-field-group elementor-column elementor-field-group-rc elementor-col-100 recaptcha_v3-bottomright\">\n\t\t\t\t\t<div class=\"elementor-field\" id=\"form-field-rc\"><div class=\"elementor-g-recaptcha\" data-sitekey=\"6LeAXS4sAAAAAMCUuCx89VeKnLPmE5esFvKxOxcy\" data-type=\"v3\" data-action=\"Form\" data-badge=\"bottomright\" data-size=\"invisible\"><\/div><\/div>\t\t\t\t<\/div>\n\t\t\t\t\t\t\t\t<div class=\"elementor-field-group elementor-column elementor-field-type-submit elementor-col-100 e-form__buttons\">\n\t\t\t\t\t<button class=\"elementor-button elementor-size-md\" type=\"submit\">\n\t\t\t\t\t\t<span class=\"elementor-button-content-wrapper\">\n\t\t\t\t\t\t\t\t\t\t\t\t\t\t\t\t\t\t\t\t\t\t<span class=\"elementor-button-text\">Send inn<\/span>\n\t\t\t\t\t\t\t\t\t\t\t\t\t<\/span>\n\t\t\t\t\t<\/button>\n\t\t\t\t<\/div>\n\t\t\t<\/div>\n\t\t<\/form>\n\t\t\t\t\t\t<\/div>\n\t\t\t\t<\/div>\n\t\t\t\t<\/div>\n\t\t<div class=\"elementor-element elementor-element-ee32367 e-con-full e-flex e-con e-child\" data-id=\"ee32367\" data-element_type=\"container\" data-e-type=\"container\">\n\t\t\t\t<div class=\"elementor-element elementor-element-c1dca7d elementor-widget elementor-widget-google_maps\" data-id=\"c1dca7d\" data-element_type=\"widget\" data-e-type=\"widget\" data-widget_type=\"google_maps.default\">\n\t\t\t\t<div class=\"elementor-widget-container\">\n\t\t\t\t\t\t\t<div class=\"elementor-custom-embed\">\n\t\t\t<iframe loading=\"lazy\"\n\t\t\t\t\tsrc=\"https:\/\/maps.google.com\/maps?q=Sandesundveien%203b%2C%201706%20Sarpsborg&#038;t=m&#038;z=14&#038;output=embed&#038;iwloc=near\"\n\t\t\t\t\ttitle=\"Sandesundveien 3b, 1706 Sarpsborg\"\n\t\t\t\t\taria-label=\"Sandesundveien 3b, 1706 Sarpsborg\"\n\t\t\t><\/iframe>\n\t\t<\/div>\n\t\t\t\t\t\t<\/div>\n\t\t\t\t<\/div>\n\t\t\t\t<\/div>\n\t\t\t\t<\/div>\n\t\t\t\t\t<\/div>\n\t\t\t\t<\/div>\n\t\t<div class=\"elementor-element elementor-element-3ee0576 e-flex e-con-boxed e-con e-parent\" data-id=\"3ee0576\" data-element_type=\"container\" data-e-type=\"container\" data-settings=\"{&quot;background_background&quot;:&quot;classic&quot;}\">\n\t\t\t\t\t<div class=\"e-con-inner\">\n\t\t<div class=\"elementor-element elementor-element-3c9e912 e-con-full e-flex e-con e-child\" data-id=\"3c9e912\" data-element_type=\"container\" data-e-type=\"container\">\n\t\t\t\t<div class=\"elementor-element elementor-element-cb9831e elementor-widget elementor-widget-spacer\" data-id=\"cb9831e\" data-element_type=\"widget\" data-e-type=\"widget\" data-widget_type=\"spacer.default\">\n\t\t\t\t<div class=\"elementor-widget-container\">\n\t\t\t\t\t\t\t<div class=\"elementor-spacer\">\n\t\t\t<div class=\"elementor-spacer-inner\"><\/div>\n\t\t<\/div>\n\t\t\t\t\t\t<\/div>\n\t\t\t\t<\/div>\n\t\t\t\t<\/div>\n\t\t\t\t\t<\/div>\n\t\t\t\t<\/div>\n\t\t\t\t<\/div>\n\t\t","protected":false},"excerpt":{"rendered":"<p>Telefon (+47) 400 30 522 E-post kontakt@arcaio.no Adresse Sandesundveien 3b, 1706 Sarpsborg Har du et konsept du dr\u00f8mmer om?<\/p>","protected":false},"author":1,"featured_media":0,"parent":0,"menu_order":0,"comment_status":"closed","ping_status":"closed","template":"","meta":{"footnotes":""},"class_list":["post-632","page","type-page","status-publish","hentry"],"yoast_head":"<!-- This site is optimized with the Yoast SEO plugin v27.3 - https:\/\/yoast.com\/product\/yoast-seo-wordpress\/ -->\n<title>Kontakt oss - Arcaio AS<\/title>\n<meta name=\"robots\" content=\"index, follow, max-snippet:-1, max-image-preview:large, max-video-preview:-1\" \/>\n<link rel=\"canonical\" href=\"https:\/\/arcaiosolutions.com\/sv\/kontakt-oss\/\" \/>\n<meta property=\"og:locale\" content=\"sv_SE\" \/>\n<meta property=\"og:type\" content=\"article\" \/>\n<meta property=\"og:title\" content=\"Kontakt oss - Arcaio AS\" \/>\n<meta property=\"og:description\" content=\"Telefon (+47) 400 30 522 E-post kontakt@arcaio.no Adresse Sandesundveien 3b, 1706 Sarpsborg Har du et konsept du dr\u00f8mmer om?\" \/>\n<meta property=\"og:url\" content=\"https:\/\/arcaiosolutions.com\/sv\/kontakt-oss\/\" \/>\n<meta property=\"og:site_name\" content=\"Arcaio AS\" \/>\n<meta property=\"article:publisher\" content=\"https:\/\/www.facebook.com\/share\/1G1m9exk1a\/?mibextid=wwXIfr\" \/>\n<meta property=\"article:modified_time\" content=\"2026-03-13T21:59:04+00:00\" \/>\n<meta name=\"twitter:card\" content=\"summary_large_image\" \/>\n<meta name=\"twitter:label1\" content=\"Ber\u00e4knad l\u00e4stid\" \/>\n\t<meta name=\"twitter:data1\" content=\"1 minut\" \/>\n<script type=\"application\/ld+json\" class=\"yoast-schema-graph\">{\"@context\":\"https:\\\/\\\/schema.org\",\"@graph\":[{\"@type\":\"WebPage\",\"@id\":\"https:\\\/\\\/arcaiosolutions.com\\\/kontakt-oss\\\/\",\"url\":\"https:\\\/\\\/arcaiosolutions.com\\\/kontakt-oss\\\/\",\"name\":\"Kontakt oss - Arcaio AS\",\"isPartOf\":{\"@id\":\"https:\\\/\\\/arcaiosolutions.com\\\/#website\"},\"datePublished\":\"2025-02-17T08:01:53+00:00\",\"dateModified\":\"2026-03-13T21:59:04+00:00\",\"breadcrumb\":{\"@id\":\"https:\\\/\\\/arcaiosolutions.com\\\/kontakt-oss\\\/#breadcrumb\"},\"inLanguage\":\"sv-SE\",\"potentialAction\":[{\"@type\":\"ReadAction\",\"target\":[\"https:\\\/\\\/arcaiosolutions.com\\\/kontakt-oss\\\/\"]}]},{\"@type\":\"BreadcrumbList\",\"@id\":\"https:\\\/\\\/arcaiosolutions.com\\\/kontakt-oss\\\/#breadcrumb\",\"itemListElement\":[{\"@type\":\"ListItem\",\"position\":1,\"name\":\"Hjem\",\"item\":\"https:\\\/\\\/arcaiosolutions.com\\\/\"},{\"@type\":\"ListItem\",\"position\":2,\"name\":\"Kontakt oss\"}]},{\"@type\":\"WebSite\",\"@id\":\"https:\\\/\\\/arcaiosolutions.com\\\/#website\",\"url\":\"https:\\\/\\\/arcaiosolutions.com\\\/\",\"name\":\"ARCAIO Solutions\",\"description\":\"Arcaio AS \u00f8nsker \u00e5 skape inspirerende opplevelser der mennesker m\u00f8tes, leker og trives\",\"publisher\":{\"@id\":\"https:\\\/\\\/arcaiosolutions.com\\\/#organization\"},\"alternateName\":\"ARCAIO\",\"potentialAction\":[{\"@type\":\"SearchAction\",\"target\":{\"@type\":\"EntryPoint\",\"urlTemplate\":\"https:\\\/\\\/arcaiosolutions.com\\\/?s={search_term_string}\"},\"query-input\":{\"@type\":\"PropertyValueSpecification\",\"valueRequired\":true,\"valueName\":\"search_term_string\"}}],\"inLanguage\":\"sv-SE\"},{\"@type\":\"Organization\",\"@id\":\"https:\\\/\\\/arcaiosolutions.com\\\/#organization\",\"name\":\"ARCAIO Solutions\",\"alternateName\":\"ARCAIO\",\"url\":\"https:\\\/\\\/arcaiosolutions.com\\\/\",\"logo\":{\"@type\":\"ImageObject\",\"inLanguage\":\"sv-SE\",\"@id\":\"https:\\\/\\\/arcaiosolutions.com\\\/#\\\/schema\\\/logo\\\/image\\\/\",\"url\":\"https:\\\/\\\/arcaiosolutions.com\\\/wp-content\\\/uploads\\\/2025\\\/02\\\/Arcaio_logo.png\",\"contentUrl\":\"https:\\\/\\\/arcaiosolutions.com\\\/wp-content\\\/uploads\\\/2025\\\/02\\\/Arcaio_logo.png\",\"width\":1920,\"height\":707,\"caption\":\"ARCAIO Solutions\"},\"image\":{\"@id\":\"https:\\\/\\\/arcaiosolutions.com\\\/#\\\/schema\\\/logo\\\/image\\\/\"},\"sameAs\":[\"https:\\\/\\\/www.facebook.com\\\/share\\\/1G1m9exk1a\\\/?mibextid=wwXIfr\",\"https:\\\/\\\/www.linkedin.com\\\/company\\\/arcaiosolutions\\\/\",\"https:\\\/\\\/youtube.com\\\/@lekeland-grossisten?si=oq3LSqlBgtaY2O_m\"]}]}<\/script>\n<!-- \/ Yoast SEO plugin. -->","yoast_head_json":{"title":"Kontakt oss - Arcaio AS","robots":{"index":"index","follow":"follow","max-snippet":"max-snippet:-1","max-image-preview":"max-image-preview:large","max-video-preview":"max-video-preview:-1"},"canonical":"https:\/\/arcaiosolutions.com\/sv\/kontakt-oss\/","og_locale":"sv_SE","og_type":"article","og_title":"Kontakt oss - Arcaio AS","og_description":"Telefon (+47) 400 30 522 E-post kontakt@arcaio.no Adresse Sandesundveien 3b, 1706 Sarpsborg Har du et konsept du dr\u00f8mmer om?","og_url":"https:\/\/arcaiosolutions.com\/sv\/kontakt-oss\/","og_site_name":"Arcaio AS","article_publisher":"https:\/\/www.facebook.com\/share\/1G1m9exk1a\/?mibextid=wwXIfr","article_modified_time":"2026-03-13T21:59:04+00:00","twitter_card":"summary_large_image","twitter_misc":{"Ber\u00e4knad l\u00e4stid":"1 minut"},"schema":{"@context":"https:\/\/schema.org","@graph":[{"@type":"WebPage","@id":"https:\/\/arcaiosolutions.com\/kontakt-oss\/","url":"https:\/\/arcaiosolutions.com\/kontakt-oss\/","name":"Kontakt oss - Arcaio AS","isPartOf":{"@id":"https:\/\/arcaiosolutions.com\/#website"},"datePublished":"2025-02-17T08:01:53+00:00","dateModified":"2026-03-13T21:59:04+00:00","breadcrumb":{"@id":"https:\/\/arcaiosolutions.com\/kontakt-oss\/#breadcrumb"},"inLanguage":"sv-SE","potentialAction":[{"@type":"ReadAction","target":["https:\/\/arcaiosolutions.com\/kontakt-oss\/"]}]},{"@type":"BreadcrumbList","@id":"https:\/\/arcaiosolutions.com\/kontakt-oss\/#breadcrumb","itemListElement":[{"@type":"ListItem","position":1,"name":"Hjem","item":"https:\/\/arcaiosolutions.com\/"},{"@type":"ListItem","position":2,"name":"Kontakt oss"}]},{"@type":"WebSite","@id":"https:\/\/arcaiosolutions.com\/#website","url":"https:\/\/arcaiosolutions.com\/","name":"ARCAIO Solutions","description":"Arcaio AS vill skapa inspirerande upplevelser d\u00e4r m\u00e4nniskor m\u00f6ts, leker och trivs","publisher":{"@id":"https:\/\/arcaiosolutions.com\/#organization"},"alternateName":"ARCAIO","potentialAction":[{"@type":"SearchAction","target":{"@type":"EntryPoint","urlTemplate":"https:\/\/arcaiosolutions.com\/?s={search_term_string}"},"query-input":{"@type":"PropertyValueSpecification","valueRequired":true,"valueName":"search_term_string"}}],"inLanguage":"sv-SE"},{"@type":"Organization","@id":"https:\/\/arcaiosolutions.com\/#organization","name":"ARCAIO Solutions","alternateName":"ARCAIO","url":"https:\/\/arcaiosolutions.com\/","logo":{"@type":"ImageObject","inLanguage":"sv-SE","@id":"https:\/\/arcaiosolutions.com\/#\/schema\/logo\/image\/","url":"https:\/\/arcaiosolutions.com\/wp-content\/uploads\/2025\/02\/Arcaio_logo.png","contentUrl":"https:\/\/arcaiosolutions.com\/wp-content\/uploads\/2025\/02\/Arcaio_logo.png","width":1920,"height":707,"caption":"ARCAIO Solutions"},"image":{"@id":"https:\/\/arcaiosolutions.com\/#\/schema\/logo\/image\/"},"sameAs":["https:\/\/www.facebook.com\/share\/1G1m9exk1a\/?mibextid=wwXIfr","https:\/\/www.linkedin.com\/company\/arcaiosolutions\/","https:\/\/youtube.com\/@lekeland-grossisten?si=oq3LSqlBgtaY2O_m"]}]}},"_links":{"self":[{"href":"https:\/\/arcaiosolutions.com\/sv\/wp-json\/wp\/v2\/pages\/632","targetHints":{"allow":["GET"]}}],"collection":[{"href":"https:\/\/arcaiosolutions.com\/sv\/wp-json\/wp\/v2\/pages"}],"about":[{"href":"https:\/\/arcaiosolutions.com\/sv\/wp-json\/wp\/v2\/types\/page"}],"author":[{"embeddable":true,"href":"https:\/\/arcaiosolutions.com\/sv\/wp-json\/wp\/v2\/users\/1"}],"replies":[{"embeddable":true,"href":"https:\/\/arcaiosolutions.com\/sv\/wp-json\/wp\/v2\/comments?post=632"}],"version-history":[{"count":5,"href":"https:\/\/arcaiosolutions.com\/sv\/wp-json\/wp\/v2\/pages\/632\/revisions"}],"predecessor-version":[{"id":4385,"href":"https:\/\/arcaiosolutions.com\/sv\/wp-json\/wp\/v2\/pages\/632\/revisions\/4385"}],"wp:attachment":[{"href":"https:\/\/arcaiosolutions.com\/sv\/wp-json\/wp\/v2\/media?parent=632"}],"curies":[{"name":"wp","href":"https:\/\/api.w.org\/{rel}","templated":true}]}}