{"id":3332,"date":"2025-11-19T12:09:56","date_gmt":"2025-11-19T11:09:56","guid":{"rendered":"https:\/\/trusting-wing.217-170-194-30.plesk.page\/personvernerklaering\/"},"modified":"2025-11-19T12:10:48","modified_gmt":"2025-11-19T11:10:48","slug":"personvernerklaering","status":"publish","type":"page","link":"https:\/\/arcaiosolutions.com\/sv\/personvernerklaering\/","title":{"rendered":"Integritetspolicy"},"content":{"rendered":"<div data-elementor-type=\"wp-page\" data-elementor-id=\"3332\" class=\"elementor elementor-3332\" data-elementor-post-type=\"page\">\n\t\t\t\t\t\t<section class=\"elementor-section elementor-top-section elementor-element elementor-element-7d3e8498 elementor-section-boxed elementor-section-height-default elementor-section-height-default\" data-id=\"7d3e8498\" data-element_type=\"section\" data-e-type=\"section\">\n\t\t\t\t\t\t<div class=\"elementor-container elementor-column-gap-extended\">\n\t\t\t\t\t<div class=\"elementor-column elementor-col-100 elementor-top-column elementor-element elementor-element-3b315e1f\" data-id=\"3b315e1f\" data-element_type=\"column\" data-e-type=\"column\">\n\t\t\t<div class=\"elementor-widget-wrap elementor-element-populated\">\n\t\t\t\t\t\t<div class=\"elementor-element elementor-element-4a722010 elementor-widget elementor-widget-text-editor\" data-id=\"4a722010\" data-element_type=\"widget\" data-e-type=\"widget\" data-widget_type=\"text-editor.default\">\n\t\t\t\t<div class=\"elementor-widget-container\">\n\t\t\t\t\t\t\t\t\t<h2>Integritetspolicy<\/h2><p>Vi tar din integritet p\u00e5 allvar och har vidtagit n\u00f6dv\u00e4ndiga tekniska och organisatoriska s\u00e4kerhets\u00e5tg\u00e4rder f\u00f6r att skydda dina personuppgifter. I denna integritetspolicy vill vi informera dig om hur vi samlar in, anv\u00e4nder, lagrar och skyddar dina personuppgifter n\u00e4r du bes\u00f6ker v\u00e5r webbplats. Du hittar v\u00e5rt organisationsnummer och kontaktuppgifter p\u00e5 v\u00e5r kontaktsida eller genom att s\u00f6ka efter den dom\u00e4n du f\u00f6r n\u00e4rvarande bes\u00f6ker p\u00e5 Norid.no eller whois.com, och vidare s\u00f6ka efter org.nr. i brreg.no.<\/p><h2>Insamling av data<\/h2><p>Vi samlar in och lagrar information som du l\u00e4mnar till oss via v\u00e5rt kontaktformul\u00e4r, inklusive ditt namn, e-postadress och annan kontaktinformation. Dessutom anv\u00e4nder vi Google Fonts, Google Analytics, Google Site Kit och Facebook Pixel f\u00f6r att f\u00f6rb\u00e4ttra v\u00e5r webbplats, analysera trafik och f\u00f6rst\u00e5 effekten av annonsering p\u00e5 Facebook-plattformen. Vi kan ocks\u00e5 anv\u00e4nda sociala medier och andra marknadsf\u00f6ringsplattformar, vilket kan leda till insamling av din information. Vi l\u00e4mnar inte ut dina personuppgifter till tredje part eller anv\u00e4nder dem i andra system om de inte beskrivs h\u00e4r eller om du har godk\u00e4nt utl\u00e4mnandet genom att skicka in ett formul\u00e4r. Ett exempel \u00e4r till en e-posttj\u00e4nst d\u00e4r du tidigare har godk\u00e4nt att ta emot e-post eller frivilligt har anm\u00e4lt dig till ett nyhetsbrev.<\/p><h2>Google och dina personuppgifter<\/h2><p>Vi anv\u00e4nder tj\u00e4nster fr\u00e5n Google f\u00f6r att sp\u00e5ra och m\u00e4ta trafiken p\u00e5 v\u00e5r webbplats, vilket inneb\u00e4r att Google kan komma \u00e5t dina personuppgifter. Du kan l\u00e4sa om hur Google f\u00f6rh\u00e5ller sig till din integritet h\u00e4r <a href=\"https:\/\/policies.google.com\/technologies\/partner-sites\" target=\"_blank\" rel=\"noopener\">h\u00e4r<\/a>.<\/p><h2>Dataanv\u00e4ndning<\/h2><p>Vi anv\u00e4nder dina personuppgifter f\u00f6r att svara p\u00e5 f\u00f6rfr\u00e5gningar som du skickar via v\u00e5rt kontaktformul\u00e4r, f\u00f6r att f\u00f6rb\u00e4ttra anv\u00e4ndarupplevelsen p\u00e5 v\u00e5r webbplats och f\u00f6r att utf\u00f6ra analyser f\u00f6r att f\u00f6rb\u00e4ttra v\u00e5r webbplats. Dina uppgifter kan komma att lagras s\u00e5 l\u00e4nge som det \u00e4r l\u00e4mpligt, s\u00e5vida du inte beg\u00e4r radering. Uppgifterna lagras p\u00e5 servrar hos v\u00e5ra leverant\u00f6rer. Du kan kontakta oss f\u00f6r att f\u00e5 information om vilken leverant\u00f6r vi anv\u00e4nder.<\/p><h2>Datas\u00e4kerhet<\/h2><p>Vi har vidtagit n\u00f6dv\u00e4ndiga tekniska och organisatoriska s\u00e4kerhets\u00e5tg\u00e4rder f\u00f6r att skydda dina personuppgifter mot obeh\u00f6rig \u00e5tkomst, \u00e4ndring, spridning eller f\u00f6rst\u00f6relse. Ut\u00f6ver v\u00e5ra interna rutiner har \u00e4ven v\u00e5ra leverant\u00f6rer egna s\u00e4kerhets\u00e5tg\u00e4rder, vilka du kan f\u00e5 information om genom att kontakta oss.<\/p><h2>Dina r\u00e4ttigheter<\/h2><p>Du har r\u00e4tt att beg\u00e4ra tillg\u00e5ng till de personuppgifter som vi behandlar om dig och hur de behandlas. Du kan ocks\u00e5 beg\u00e4ra r\u00e4ttelse, radering och begr\u00e4nsningar i behandlingen av personuppgifter i enlighet med personuppgiftslagen. Om du anser att vi inte f\u00f6ljer dina r\u00e4ttigheter enligt personuppgiftslagen har du r\u00e4tt att klaga till ber\u00f6rd tillsynsmyndighet. Detta g\u00f6rs genom att l\u00e4mna in ett klagom\u00e5l till den norska datainspektionen, du hittar information om hur du kontaktar den norska datainspektionen p\u00e5 dess webbplats.<\/p><p>Vi f\u00f6ljer den norska dataskyddsmyndighetens krav f\u00f6r GDPR, du kan hitta information och dina r\u00e4ttigheter och v\u00e5ra skyldigheter <a href=\"https:\/\/www.datatilsynet.no\/rettigheter-og-plikter\/virksomhetenes-plikter\/informasjon-og-apenhet\/hva-skal-virksomheten-gi-informasjon-om\/\">h\u00e4r<\/a><\/p><p>Du har r\u00e4tt att klaga till den norska dataskyddsmyndigheten om vi inte f\u00f6ljer g\u00e4llande lagar och f\u00f6rordningar.<\/p>\t\t\t\t\t\t\t\t<\/div>\n\t\t\t\t<\/div>\n\t\t\t\t\t<\/div>\n\t\t<\/div>\n\t\t\t\t\t<\/div>\n\t\t<\/section>\n\t\t\t\t<\/div>","protected":false},"excerpt":{"rendered":"<p>Personvernerkl\u00e6ring Vi tar ditt personvern p\u00e5 alvor og har satt i verk n\u00f8dvendige tekniske og organisatoriske sikkerhetstiltak for \u00e5 beskytte dine personlige data. I denne personvernerkl\u00e6ringen vil vi informere deg om hvordan vi samler inn, bruker, oppbevarer og beskytter dine personlige data n\u00e5r du bes\u00f8ker v\u00e5r nettside. Du kan finne v\u00e5r organisasjonsnummer og kontaktinformasjon p\u00e5 [&hellip;]<\/p>\n","protected":false},"author":1,"featured_media":0,"parent":0,"menu_order":0,"comment_status":"closed","ping_status":"closed","template":"","meta":{"footnotes":""},"class_list":["post-3332","page","type-page","status-publish","hentry"],"yoast_head":"<!-- This site is optimized with the Yoast SEO plugin v27.3 - https:\/\/yoast.com\/product\/yoast-seo-wordpress\/ -->\n<title>Personvern - Arcaio AS<\/title>\n<meta name=\"robots\" content=\"index, follow, max-snippet:-1, max-image-preview:large, max-video-preview:-1\" \/>\n<link rel=\"canonical\" href=\"https:\/\/arcaiosolutions.com\/sv\/personvernerklaering\/\" \/>\n<meta property=\"og:locale\" content=\"sv_SE\" \/>\n<meta property=\"og:type\" content=\"article\" \/>\n<meta property=\"og:title\" content=\"Personvern - Arcaio AS\" \/>\n<meta property=\"og:description\" content=\"Personvernerkl\u00e6ring Vi tar ditt personvern p\u00e5 alvor og har satt i verk n\u00f8dvendige tekniske og organisatoriske sikkerhetstiltak for \u00e5 beskytte dine personlige data. I denne personvernerkl\u00e6ringen vil vi informere deg om hvordan vi samler inn, bruker, oppbevarer og beskytter dine personlige data n\u00e5r du bes\u00f8ker v\u00e5r nettside. Du kan finne v\u00e5r organisasjonsnummer og kontaktinformasjon p\u00e5 [&hellip;]\" \/>\n<meta property=\"og:url\" content=\"https:\/\/arcaiosolutions.com\/sv\/personvernerklaering\/\" \/>\n<meta property=\"og:site_name\" content=\"Arcaio AS\" \/>\n<meta property=\"article:publisher\" content=\"https:\/\/www.facebook.com\/share\/1G1m9exk1a\/?mibextid=wwXIfr\" \/>\n<meta property=\"article:modified_time\" content=\"2025-11-19T11:10:48+00:00\" \/>\n<meta name=\"twitter:card\" content=\"summary_large_image\" \/>\n<meta name=\"twitter:label1\" content=\"Ber\u00e4knad l\u00e4stid\" \/>\n\t<meta name=\"twitter:data1\" content=\"3 minuter\" \/>\n<script type=\"application\/ld+json\" class=\"yoast-schema-graph\">{\"@context\":\"https:\\\/\\\/schema.org\",\"@graph\":[{\"@type\":\"WebPage\",\"@id\":\"https:\\\/\\\/arcaiosolutions.com\\\/personvernerklaering\\\/\",\"url\":\"https:\\\/\\\/arcaiosolutions.com\\\/personvernerklaering\\\/\",\"name\":\"Personvern - Arcaio AS\",\"isPartOf\":{\"@id\":\"https:\\\/\\\/arcaiosolutions.com\\\/#website\"},\"datePublished\":\"2025-11-19T11:09:56+00:00\",\"dateModified\":\"2025-11-19T11:10:48+00:00\",\"breadcrumb\":{\"@id\":\"https:\\\/\\\/arcaiosolutions.com\\\/personvernerklaering\\\/#breadcrumb\"},\"inLanguage\":\"sv-SE\",\"potentialAction\":[{\"@type\":\"ReadAction\",\"target\":[\"https:\\\/\\\/arcaiosolutions.com\\\/personvernerklaering\\\/\"]}]},{\"@type\":\"BreadcrumbList\",\"@id\":\"https:\\\/\\\/arcaiosolutions.com\\\/personvernerklaering\\\/#breadcrumb\",\"itemListElement\":[{\"@type\":\"ListItem\",\"position\":1,\"name\":\"Hjem\",\"item\":\"https:\\\/\\\/arcaiosolutions.com\\\/\"},{\"@type\":\"ListItem\",\"position\":2,\"name\":\"Personvern\"}]},{\"@type\":\"WebSite\",\"@id\":\"https:\\\/\\\/arcaiosolutions.com\\\/#website\",\"url\":\"https:\\\/\\\/arcaiosolutions.com\\\/\",\"name\":\"ARCAIO Solutions\",\"description\":\"Arcaio AS \u00f8nsker \u00e5 skape inspirerende opplevelser der mennesker m\u00f8tes, leker og trives\",\"publisher\":{\"@id\":\"https:\\\/\\\/arcaiosolutions.com\\\/#organization\"},\"alternateName\":\"ARCAIO\",\"potentialAction\":[{\"@type\":\"SearchAction\",\"target\":{\"@type\":\"EntryPoint\",\"urlTemplate\":\"https:\\\/\\\/arcaiosolutions.com\\\/?s={search_term_string}\"},\"query-input\":{\"@type\":\"PropertyValueSpecification\",\"valueRequired\":true,\"valueName\":\"search_term_string\"}}],\"inLanguage\":\"sv-SE\"},{\"@type\":\"Organization\",\"@id\":\"https:\\\/\\\/arcaiosolutions.com\\\/#organization\",\"name\":\"ARCAIO Solutions\",\"alternateName\":\"ARCAIO\",\"url\":\"https:\\\/\\\/arcaiosolutions.com\\\/\",\"logo\":{\"@type\":\"ImageObject\",\"inLanguage\":\"sv-SE\",\"@id\":\"https:\\\/\\\/arcaiosolutions.com\\\/#\\\/schema\\\/logo\\\/image\\\/\",\"url\":\"https:\\\/\\\/arcaiosolutions.com\\\/wp-content\\\/uploads\\\/2025\\\/02\\\/Arcaio_logo.png\",\"contentUrl\":\"https:\\\/\\\/arcaiosolutions.com\\\/wp-content\\\/uploads\\\/2025\\\/02\\\/Arcaio_logo.png\",\"width\":1920,\"height\":707,\"caption\":\"ARCAIO Solutions\"},\"image\":{\"@id\":\"https:\\\/\\\/arcaiosolutions.com\\\/#\\\/schema\\\/logo\\\/image\\\/\"},\"sameAs\":[\"https:\\\/\\\/www.facebook.com\\\/share\\\/1G1m9exk1a\\\/?mibextid=wwXIfr\",\"https:\\\/\\\/www.linkedin.com\\\/company\\\/arcaiosolutions\\\/\",\"https:\\\/\\\/youtube.com\\\/@lekeland-grossisten?si=oq3LSqlBgtaY2O_m\"]}]}<\/script>\n<!-- \/ Yoast SEO plugin. -->","yoast_head_json":{"title":"Personvern - Arcaio AS","robots":{"index":"index","follow":"follow","max-snippet":"max-snippet:-1","max-image-preview":"max-image-preview:large","max-video-preview":"max-video-preview:-1"},"canonical":"https:\/\/arcaiosolutions.com\/sv\/personvernerklaering\/","og_locale":"sv_SE","og_type":"article","og_title":"Personvern - Arcaio AS","og_description":"Personvernerkl\u00e6ring Vi tar ditt personvern p\u00e5 alvor og har satt i verk n\u00f8dvendige tekniske og organisatoriske sikkerhetstiltak for \u00e5 beskytte dine personlige data. I denne personvernerkl\u00e6ringen vil vi informere deg om hvordan vi samler inn, bruker, oppbevarer og beskytter dine personlige data n\u00e5r du bes\u00f8ker v\u00e5r nettside. Du kan finne v\u00e5r organisasjonsnummer og kontaktinformasjon p\u00e5 [&hellip;]","og_url":"https:\/\/arcaiosolutions.com\/sv\/personvernerklaering\/","og_site_name":"Arcaio AS","article_publisher":"https:\/\/www.facebook.com\/share\/1G1m9exk1a\/?mibextid=wwXIfr","article_modified_time":"2025-11-19T11:10:48+00:00","twitter_card":"summary_large_image","twitter_misc":{"Ber\u00e4knad l\u00e4stid":"3 minuter"},"schema":{"@context":"https:\/\/schema.org","@graph":[{"@type":"WebPage","@id":"https:\/\/arcaiosolutions.com\/personvernerklaering\/","url":"https:\/\/arcaiosolutions.com\/personvernerklaering\/","name":"Personvern - Arcaio AS","isPartOf":{"@id":"https:\/\/arcaiosolutions.com\/#website"},"datePublished":"2025-11-19T11:09:56+00:00","dateModified":"2025-11-19T11:10:48+00:00","breadcrumb":{"@id":"https:\/\/arcaiosolutions.com\/personvernerklaering\/#breadcrumb"},"inLanguage":"sv-SE","potentialAction":[{"@type":"ReadAction","target":["https:\/\/arcaiosolutions.com\/personvernerklaering\/"]}]},{"@type":"BreadcrumbList","@id":"https:\/\/arcaiosolutions.com\/personvernerklaering\/#breadcrumb","itemListElement":[{"@type":"ListItem","position":1,"name":"Hjem","item":"https:\/\/arcaiosolutions.com\/"},{"@type":"ListItem","position":2,"name":"Personvern"}]},{"@type":"WebSite","@id":"https:\/\/arcaiosolutions.com\/#website","url":"https:\/\/arcaiosolutions.com\/","name":"ARCAIO Solutions","description":"Arcaio AS vill skapa inspirerande upplevelser d\u00e4r m\u00e4nniskor m\u00f6ts, leker och trivs","publisher":{"@id":"https:\/\/arcaiosolutions.com\/#organization"},"alternateName":"ARCAIO","potentialAction":[{"@type":"SearchAction","target":{"@type":"EntryPoint","urlTemplate":"https:\/\/arcaiosolutions.com\/?s={search_term_string}"},"query-input":{"@type":"PropertyValueSpecification","valueRequired":true,"valueName":"search_term_string"}}],"inLanguage":"sv-SE"},{"@type":"Organization","@id":"https:\/\/arcaiosolutions.com\/#organization","name":"ARCAIO Solutions","alternateName":"ARCAIO","url":"https:\/\/arcaiosolutions.com\/","logo":{"@type":"ImageObject","inLanguage":"sv-SE","@id":"https:\/\/arcaiosolutions.com\/#\/schema\/logo\/image\/","url":"https:\/\/arcaiosolutions.com\/wp-content\/uploads\/2025\/02\/Arcaio_logo.png","contentUrl":"https:\/\/arcaiosolutions.com\/wp-content\/uploads\/2025\/02\/Arcaio_logo.png","width":1920,"height":707,"caption":"ARCAIO Solutions"},"image":{"@id":"https:\/\/arcaiosolutions.com\/#\/schema\/logo\/image\/"},"sameAs":["https:\/\/www.facebook.com\/share\/1G1m9exk1a\/?mibextid=wwXIfr","https:\/\/www.linkedin.com\/company\/arcaiosolutions\/","https:\/\/youtube.com\/@lekeland-grossisten?si=oq3LSqlBgtaY2O_m"]}]}},"_links":{"self":[{"href":"https:\/\/arcaiosolutions.com\/sv\/wp-json\/wp\/v2\/pages\/3332","targetHints":{"allow":["GET"]}}],"collection":[{"href":"https:\/\/arcaiosolutions.com\/sv\/wp-json\/wp\/v2\/pages"}],"about":[{"href":"https:\/\/arcaiosolutions.com\/sv\/wp-json\/wp\/v2\/types\/page"}],"author":[{"embeddable":true,"href":"https:\/\/arcaiosolutions.com\/sv\/wp-json\/wp\/v2\/users\/1"}],"replies":[{"embeddable":true,"href":"https:\/\/arcaiosolutions.com\/sv\/wp-json\/wp\/v2\/comments?post=3332"}],"version-history":[{"count":5,"href":"https:\/\/arcaiosolutions.com\/sv\/wp-json\/wp\/v2\/pages\/3332\/revisions"}],"predecessor-version":[{"id":3337,"href":"https:\/\/arcaiosolutions.com\/sv\/wp-json\/wp\/v2\/pages\/3332\/revisions\/3337"}],"wp:attachment":[{"href":"https:\/\/arcaiosolutions.com\/sv\/wp-json\/wp\/v2\/media?parent=3332"}],"curies":[{"name":"wp","href":"https:\/\/api.w.org\/{rel}","templated":true}]}}