{"id":1770,"date":"2025-06-03T07:28:56","date_gmt":"2025-06-03T07:28:56","guid":{"rendered":"https:\/\/trusting-wing.217-170-194-30.plesk.page\/?page_id=1770"},"modified":"2025-12-17T09:40:53","modified_gmt":"2025-12-17T08:40:53","slug":"vedlikehold","status":"publish","type":"page","link":"https:\/\/arcaiosolutions.com\/sv\/losninger\/vedlikehold\/","title":{"rendered":"Underh\u00e5ll"},"content":{"rendered":"<div data-elementor-type=\"wp-page\" data-elementor-id=\"1770\" class=\"elementor elementor-1770\" data-elementor-post-type=\"page\">\n\t\t\t\t<div class=\"elementor-element elementor-element-13df813 e-flex e-con-boxed e-con e-parent\" data-id=\"13df813\" data-element_type=\"container\" data-e-type=\"container\" data-settings=\"{&quot;background_background&quot;:&quot;classic&quot;}\">\n\t\t\t\t\t<div class=\"e-con-inner\">\n\t\t<div class=\"elementor-element elementor-element-c319463 e-con-full e-flex e-con e-child\" data-id=\"c319463\" data-element_type=\"container\" data-e-type=\"container\">\n\t\t\t\t<\/div>\n\t\t\t\t\t<\/div>\n\t\t\t\t<\/div>\n\t\t<div class=\"elementor-element elementor-element-2895846 e-flex e-con-boxed e-con e-parent\" data-id=\"2895846\" data-element_type=\"container\" data-e-type=\"container\">\n\t\t\t\t\t<div class=\"e-con-inner\">\n\t\t<div class=\"elementor-element elementor-element-1ad1c2d e-con-full e-flex e-con e-child\" data-id=\"1ad1c2d\" data-element_type=\"container\" data-e-type=\"container\">\n\t\t<div class=\"elementor-element elementor-element-7c0b729 e-con-full e-flex e-con e-child\" data-id=\"7c0b729\" data-element_type=\"container\" data-e-type=\"container\">\n\t\t\t\t<div class=\"elementor-element elementor-element-51aca7b elementor-widget elementor-widget-heading\" data-id=\"51aca7b\" data-element_type=\"widget\" data-e-type=\"widget\" data-widget_type=\"heading.default\">\n\t\t\t\t<div class=\"elementor-widget-container\">\n\t\t\t\t\t<h2 class=\"elementor-heading-title elementor-size-default\">Uppr\u00e4tth\u00e5lla ditt koncept<\/h2>\t\t\t\t<\/div>\n\t\t\t\t<\/div>\n\t\t\t\t<div class=\"elementor-element elementor-element-16bc570 elementor-widget elementor-widget-text-editor\" data-id=\"16bc570\" data-element_type=\"widget\" data-e-type=\"widget\" data-widget_type=\"text-editor.default\">\n\t\t\t\t<div class=\"elementor-widget-container\">\n\t\t\t\t\t\t\t\t\t<p>F\u00f6r att s\u00e4kerst\u00e4lla s\u00e4ker anv\u00e4ndning, stabil drift och l\u00e5ng livsl\u00e4ngd erbjuder vi serviceavtal och underh\u00e5ll anpassat f\u00f6r b\u00e5de nya och befintliga system. Vi hj\u00e4lper \u00e4ven operat\u00f6rer som inte har f\u00e5tt systemet levererat av oss och kan utf\u00f6ra uppgraderingar, reparationer och modernisering av befintliga l\u00f6sningar. Dessutom levererar vi produkter och tj\u00e4nster som bidrar till en effektivare och s\u00e4krare daglig drift, till exempel kulbrickor f\u00f6r kulf\u00e5ng och annan driftrelaterad utrustning. Med regelbundet underh\u00e5ll och r\u00e4tt l\u00f6sningar p\u00e5 plats minskar stillest\u00e5ndstid, slitage och of\u00f6rutsedda kostnader.<\/p>\t\t\t\t\t\t\t\t<\/div>\n\t\t\t\t<\/div>\n\t\t\t\t<div class=\"elementor-element elementor-element-8edbaeb elementor-widget elementor-widget-spacer\" data-id=\"8edbaeb\" data-element_type=\"widget\" data-e-type=\"widget\" data-widget_type=\"spacer.default\">\n\t\t\t\t<div class=\"elementor-widget-container\">\n\t\t\t\t\t\t\t<div class=\"elementor-spacer\">\n\t\t\t<div class=\"elementor-spacer-inner\"><\/div>\n\t\t<\/div>\n\t\t\t\t\t\t<\/div>\n\t\t\t\t<\/div>\n\t\t<div class=\"elementor-element elementor-element-9fdfe3a e-con-full e-flex e-con e-child\" data-id=\"9fdfe3a\" data-element_type=\"container\" data-e-type=\"container\">\n\t\t\t\t<div class=\"elementor-element elementor-element-8b488de elementor-mobile-align-justify elementor-align-justify elementor-widget__width-initial elementor-widget elementor-widget-global elementor-global-1545 elementor-widget-button\" data-id=\"8b488de\" data-element_type=\"widget\" data-e-type=\"widget\" data-widget_type=\"button.default\">\n\t\t\t\t<div class=\"elementor-widget-container\">\n\t\t\t\t\t\t\t\t\t<div class=\"elementor-button-wrapper\">\n\t\t\t\t\t<a class=\"elementor-button elementor-button-link elementor-size-sm\" href=\"mailto:kontakt@arcaio.no\">\n\t\t\t\t\t\t<span class=\"elementor-button-content-wrapper\">\n\t\t\t\t\t\t\t\t\t<span class=\"elementor-button-text\">Kontakta oss<\/span>\n\t\t\t\t\t<\/span>\n\t\t\t\t\t<\/a>\n\t\t\t\t<\/div>\n\t\t\t\t\t\t\t\t<\/div>\n\t\t\t\t<\/div>\n\t\t\t\t<div class=\"elementor-element elementor-element-db59bfd elementor-mobile-align-justify elementor-align-justify elementor-widget__width-initial elementor-widget elementor-widget-global elementor-global-1561 elementor-widget-button\" data-id=\"db59bfd\" data-element_type=\"widget\" data-e-type=\"widget\" data-widget_type=\"button.default\">\n\t\t\t\t<div class=\"elementor-widget-container\">\n\t\t\t\t\t\t\t\t\t<div class=\"elementor-button-wrapper\">\n\t\t\t\t\t<a class=\"elementor-button elementor-button-link elementor-size-sm\" href=\"\/sv\/losninger\/\">\n\t\t\t\t\t\t<span class=\"elementor-button-content-wrapper\">\n\t\t\t\t\t\t\t\t\t<span class=\"elementor-button-text\">V\u00e5ra l\u00f6sningar<\/span>\n\t\t\t\t\t<\/span>\n\t\t\t\t\t<\/a>\n\t\t\t\t<\/div>\n\t\t\t\t\t\t\t\t<\/div>\n\t\t\t\t<\/div>\n\t\t\t\t<\/div>\n\t\t\t\t<\/div>\n\t\t<div class=\"elementor-element elementor-element-c86c56c e-con-full e-flex e-con e-child\" data-id=\"c86c56c\" data-element_type=\"container\" data-e-type=\"container\">\n\t\t\t\t<div class=\"elementor-element elementor-element-09fa64f elementor-widget elementor-widget-image\" data-id=\"09fa64f\" data-element_type=\"widget\" data-e-type=\"widget\" data-widget_type=\"image.default\">\n\t\t\t\t<div class=\"elementor-widget-container\">\n\t\t\t\t\t\t\t\t\t\t\t\t\t\t\t<img fetchpriority=\"high\" decoding=\"async\" width=\"1920\" height=\"1224\" src=\"https:\/\/arcaiosolutions.com\/wp-content\/uploads\/2025\/06\/vedlikehold-arkade-1.jpg\" class=\"attachment-full size-full wp-image-1997\" alt=\"vedlikehold-arkade-1\" srcset=\"https:\/\/arcaiosolutions.com\/wp-content\/uploads\/2025\/06\/vedlikehold-arkade-1.jpg 1920w, https:\/\/arcaiosolutions.com\/wp-content\/uploads\/2025\/06\/vedlikehold-arkade-1-300x191.jpg 300w, https:\/\/arcaiosolutions.com\/wp-content\/uploads\/2025\/06\/vedlikehold-arkade-1-1024x653.jpg 1024w, https:\/\/arcaiosolutions.com\/wp-content\/uploads\/2025\/06\/vedlikehold-arkade-1-768x490.jpg 768w, https:\/\/arcaiosolutions.com\/wp-content\/uploads\/2025\/06\/vedlikehold-arkade-1-1536x979.jpg 1536w, https:\/\/arcaiosolutions.com\/wp-content\/uploads\/2025\/06\/vedlikehold-arkade-1-600x383.jpg 600w\" sizes=\"(max-width: 1920px) 100vw, 1920px\" \/>\t\t\t\t\t\t\t\t\t\t\t\t\t\t\t<\/div>\n\t\t\t\t<\/div>\n\t\t\t\t<\/div>\n\t\t\t\t<\/div>\n\t\t\t\t<div class=\"elementor-element elementor-element-fbfd962 elementor-widget elementor-widget-spacer\" data-id=\"fbfd962\" data-element_type=\"widget\" data-e-type=\"widget\" data-widget_type=\"spacer.default\">\n\t\t\t\t<div class=\"elementor-widget-container\">\n\t\t\t\t\t\t\t<div class=\"elementor-spacer\">\n\t\t\t<div class=\"elementor-spacer-inner\"><\/div>\n\t\t<\/div>\n\t\t\t\t\t\t<\/div>\n\t\t\t\t<\/div>\n\t\t\t\t\t<\/div>\n\t\t\t\t<\/div>\n\t\t<div class=\"elementor-element elementor-element-e8cf461 e-flex e-con-boxed e-con e-parent\" data-id=\"e8cf461\" data-element_type=\"container\" data-e-type=\"container\" data-settings=\"{&quot;background_background&quot;:&quot;classic&quot;}\">\n\t\t\t\t\t<div class=\"e-con-inner\">\n\t\t<div class=\"elementor-element elementor-element-f12db96 e-con-full e-flex e-con e-child\" data-id=\"f12db96\" data-element_type=\"container\" data-e-type=\"container\">\n\t\t<div class=\"elementor-element elementor-element-bf9bf54 e-con-full e-flex e-con e-child\" data-id=\"bf9bf54\" data-element_type=\"container\" data-e-type=\"container\">\n\t\t\t\t<div class=\"elementor-element elementor-element-c8fbf30 elementor-widget elementor-widget-global elementor-global-146 elementor-widget-heading\" data-id=\"c8fbf30\" data-element_type=\"widget\" data-e-type=\"widget\" data-widget_type=\"heading.default\">\n\t\t\t\t<div class=\"elementor-widget-container\">\n\t\t\t\t\t<h6 class=\"elementor-heading-title elementor-size-default\">Dr\u00f6mmer du om att starta ett eget aktivitetscenter?<\/h6>\t\t\t\t<\/div>\n\t\t\t\t<\/div>\n\t\t\t\t<div class=\"elementor-element elementor-element-ba75ad9 elementor-widget elementor-widget-global elementor-global-140 elementor-widget-heading\" data-id=\"ba75ad9\" data-element_type=\"widget\" data-e-type=\"widget\" data-widget_type=\"heading.default\">\n\t\t\t\t<div class=\"elementor-widget-container\">\n\t\t\t\t\t<h2 class=\"elementor-heading-title elementor-size-default\">Kontakta oss idag<\/h2>\t\t\t\t<\/div>\n\t\t\t\t<\/div>\n\t\t\t\t<div class=\"elementor-element elementor-element-b2bc658 elementor-widget elementor-widget-global elementor-global-134 elementor-widget-text-editor\" data-id=\"b2bc658\" data-element_type=\"widget\" data-e-type=\"widget\" data-widget_type=\"text-editor.default\">\n\t\t\t\t<div class=\"elementor-widget-container\">\n\t\t\t\t\t\t\t\t\t<p>Arcaio AS arbetar varje dag f\u00f6r att leverera den b\u00e4sta kvaliteten och erbjuda de mest unika koncepten till v\u00e5ra kunder.\u00a0<\/p>\t\t\t\t\t\t\t\t<\/div>\n\t\t\t\t<\/div>\n\t\t\t\t<\/div>\n\t\t<div class=\"elementor-element elementor-element-2a82464 e-con-full e-flex e-con e-child\" data-id=\"2a82464\" data-element_type=\"container\" data-e-type=\"container\">\n\t\t\t\t<div class=\"elementor-element elementor-element-0cbddb2 elementor-align-justify elementor-mobile-align-justify elementor-tablet-align-justify elementor-widget-tablet__width-initial elementor-widget elementor-widget-global elementor-global-1419 elementor-widget-button\" data-id=\"0cbddb2\" data-element_type=\"widget\" data-e-type=\"widget\" data-widget_type=\"button.default\">\n\t\t\t\t<div class=\"elementor-widget-container\">\n\t\t\t\t\t\t\t\t\t<div class=\"elementor-button-wrapper\">\n\t\t\t\t\t<a class=\"elementor-button elementor-button-link elementor-size-sm\" href=\"mailto:kontakt@arcaio.no\">\n\t\t\t\t\t\t<span class=\"elementor-button-content-wrapper\">\n\t\t\t\t\t\t<span class=\"elementor-button-icon\">\n\t\t\t\t<svg aria-hidden=\"true\" class=\"e-font-icon-svg e-fas-envelope\" viewbox=\"0 0 512 512\" xmlns=\"http:\/\/www.w3.org\/2000\/svg\"><path d=\"M502.3 190.8c3.9-3.1 9.7-.2 9.7 4.7V400c0 26.5-21.5 48-48 48H48c-26.5 0-48-21.5-48-48V195.6c0-5 5.7-7.8 9.7-4.7 22.4 17.4 52.1 39.5 154.1 113.6 21.1 15.4 56.7 47.8 92.2 47.6 35.7.3 72-32.8 92.3-47.6 102-74.1 131.6-96.3 154-113.7zM256 320c23.2.4 56.6-29.2 73.4-41.4 132.7-96.3 142.8-104.7 173.4-128.7 5.8-4.5 9.2-11.5 9.2-18.9v-19c0-26.5-21.5-48-48-48H48C21.5 64 0 85.5 0 112v19c0 7.4 3.4 14.3 9.2 18.9 30.6 23.9 40.7 32.4 173.4 128.7 16.8 12.2 50.2 41.8 73.4 41.4z\"><\/path><\/svg>\t\t\t<\/span>\n\t\t\t\t\t\t\t\t\t<span class=\"elementor-button-text\">Skicka ett e-postmeddelande till oss<\/span>\n\t\t\t\t\t<\/span>\n\t\t\t\t\t<\/a>\n\t\t\t\t<\/div>\n\t\t\t\t\t\t\t\t<\/div>\n\t\t\t\t<\/div>\n\t\t\t\t<div class=\"elementor-element elementor-element-f46c97a elementor-align-justify elementor-mobile-align-justify elementor-tablet-align-justify elementor-widget-tablet__width-initial elementor-widget elementor-widget-global elementor-global-1422 elementor-widget-button\" data-id=\"f46c97a\" data-element_type=\"widget\" data-e-type=\"widget\" data-widget_type=\"button.default\">\n\t\t\t\t<div class=\"elementor-widget-container\">\n\t\t\t\t\t\t\t\t\t<div class=\"elementor-button-wrapper\">\n\t\t\t\t\t<a class=\"elementor-button elementor-button-link elementor-size-sm\" href=\"tel:004769155240\">\n\t\t\t\t\t\t<span class=\"elementor-button-content-wrapper\">\n\t\t\t\t\t\t<span class=\"elementor-button-icon\">\n\t\t\t\t<svg aria-hidden=\"true\" class=\"e-font-icon-svg e-fas-phone-alt\" viewbox=\"0 0 512 512\" xmlns=\"http:\/\/www.w3.org\/2000\/svg\"><path d=\"M497.39 361.8l-112-48a24 24 0 0 0-28 6.9l-49.6 60.6A370.66 370.66 0 0 1 130.6 204.11l60.6-49.6a23.94 23.94 0 0 0 6.9-28l-48-112A24.16 24.16 0 0 0 122.6.61l-104 24A24 24 0 0 0 0 48c0 256.5 207.9 464 464 464a24 24 0 0 0 23.4-18.6l24-104a24.29 24.29 0 0 0-14.01-27.6z\"><\/path><\/svg>\t\t\t<\/span>\n\t\t\t\t\t\t\t\t\t<span class=\"elementor-button-text\">Ring oss p\u00e5 telefon<\/span>\n\t\t\t\t\t<\/span>\n\t\t\t\t\t<\/a>\n\t\t\t\t<\/div>\n\t\t\t\t\t\t\t\t<\/div>\n\t\t\t\t<\/div>\n\t\t\t\t<\/div>\n\t\t\t\t<\/div>\n\t\t\t\t\t<\/div>\n\t\t\t\t<\/div>\n\t\t\t\t<\/div>","protected":false},"excerpt":{"rendered":"<p>Vedlikehold av ditt konsept For \u00e5 sikre trygg bruk, stabil drift og lang levetid tilbyr vi serviceavtaler og vedlikehold tilpasset b\u00e5de nye og eksisterende anlegg. Vi bist\u00e5r ogs\u00e5 akt\u00f8rer som ikke har f\u00e5tt anlegget levert av oss, og kan gjennomf\u00f8re oppgraderinger, utbedringer og modernisering av eksisterende l\u00f8sninger. I tillegg leverer vi produkter og tjenester som [&hellip;]<\/p>\n","protected":false},"author":1,"featured_media":0,"parent":1734,"menu_order":0,"comment_status":"closed","ping_status":"closed","template":"","meta":{"footnotes":""},"class_list":["post-1770","page","type-page","status-publish","hentry"],"yoast_head":"<!-- This site is optimized with the Yoast SEO plugin v27.3 - https:\/\/yoast.com\/product\/yoast-seo-wordpress\/ -->\n<title>Vedlikehold - Arcaio AS<\/title>\n<meta name=\"robots\" content=\"index, follow, max-snippet:-1, max-image-preview:large, max-video-preview:-1\" \/>\n<link rel=\"canonical\" href=\"https:\/\/arcaiosolutions.com\/sv\/losninger\/vedlikehold\/\" \/>\n<meta property=\"og:locale\" content=\"sv_SE\" \/>\n<meta property=\"og:type\" content=\"article\" \/>\n<meta property=\"og:title\" content=\"Vedlikehold - Arcaio AS\" \/>\n<meta property=\"og:description\" content=\"Vedlikehold av ditt konsept For \u00e5 sikre trygg bruk, stabil drift og lang levetid tilbyr vi serviceavtaler og vedlikehold tilpasset b\u00e5de nye og eksisterende anlegg. Vi bist\u00e5r ogs\u00e5 akt\u00f8rer som ikke har f\u00e5tt anlegget levert av oss, og kan gjennomf\u00f8re oppgraderinger, utbedringer og modernisering av eksisterende l\u00f8sninger. I tillegg leverer vi produkter og tjenester som [&hellip;]\" \/>\n<meta property=\"og:url\" content=\"https:\/\/arcaiosolutions.com\/sv\/losninger\/vedlikehold\/\" \/>\n<meta property=\"og:site_name\" content=\"Arcaio AS\" \/>\n<meta property=\"article:publisher\" content=\"https:\/\/www.facebook.com\/share\/1G1m9exk1a\/?mibextid=wwXIfr\" \/>\n<meta property=\"article:modified_time\" content=\"2025-12-17T08:40:53+00:00\" \/>\n<meta property=\"og:image\" content=\"https:\/\/trusting-wing.217-170-194-30.plesk.page\/wp-content\/uploads\/2025\/06\/vedlikehold-arkade-1.jpg\" \/>\n<meta name=\"twitter:card\" content=\"summary_large_image\" \/>\n<meta name=\"twitter:label1\" content=\"Ber\u00e4knad l\u00e4stid\" \/>\n\t<meta name=\"twitter:data1\" content=\"1 minut\" \/>\n<script type=\"application\/ld+json\" class=\"yoast-schema-graph\">{\"@context\":\"https:\\\/\\\/schema.org\",\"@graph\":[{\"@type\":\"WebPage\",\"@id\":\"https:\\\/\\\/arcaiosolutions.com\\\/losninger\\\/vedlikehold\\\/\",\"url\":\"https:\\\/\\\/arcaiosolutions.com\\\/losninger\\\/vedlikehold\\\/\",\"name\":\"Vedlikehold - Arcaio AS\",\"isPartOf\":{\"@id\":\"https:\\\/\\\/arcaiosolutions.com\\\/#website\"},\"primaryImageOfPage\":{\"@id\":\"https:\\\/\\\/arcaiosolutions.com\\\/losninger\\\/vedlikehold\\\/#primaryimage\"},\"image\":{\"@id\":\"https:\\\/\\\/arcaiosolutions.com\\\/losninger\\\/vedlikehold\\\/#primaryimage\"},\"thumbnailUrl\":\"https:\\\/\\\/trusting-wing.217-170-194-30.plesk.page\\\/wp-content\\\/uploads\\\/2025\\\/06\\\/vedlikehold-arkade-1.jpg\",\"datePublished\":\"2025-06-03T07:28:56+00:00\",\"dateModified\":\"2025-12-17T08:40:53+00:00\",\"breadcrumb\":{\"@id\":\"https:\\\/\\\/arcaiosolutions.com\\\/losninger\\\/vedlikehold\\\/#breadcrumb\"},\"inLanguage\":\"sv-SE\",\"potentialAction\":[{\"@type\":\"ReadAction\",\"target\":[\"https:\\\/\\\/arcaiosolutions.com\\\/losninger\\\/vedlikehold\\\/\"]}]},{\"@type\":\"ImageObject\",\"inLanguage\":\"sv-SE\",\"@id\":\"https:\\\/\\\/arcaiosolutions.com\\\/losninger\\\/vedlikehold\\\/#primaryimage\",\"url\":\"https:\\\/\\\/trusting-wing.217-170-194-30.plesk.page\\\/wp-content\\\/uploads\\\/2025\\\/06\\\/vedlikehold-arkade-1.jpg\",\"contentUrl\":\"https:\\\/\\\/trusting-wing.217-170-194-30.plesk.page\\\/wp-content\\\/uploads\\\/2025\\\/06\\\/vedlikehold-arkade-1.jpg\"},{\"@type\":\"BreadcrumbList\",\"@id\":\"https:\\\/\\\/arcaiosolutions.com\\\/losninger\\\/vedlikehold\\\/#breadcrumb\",\"itemListElement\":[{\"@type\":\"ListItem\",\"position\":1,\"name\":\"Hjem\",\"item\":\"https:\\\/\\\/arcaiosolutions.com\\\/\"},{\"@type\":\"ListItem\",\"position\":2,\"name\":\"L\u00f8sninger\",\"item\":\"https:\\\/\\\/arcaiosolutions.com\\\/losninger\\\/\"},{\"@type\":\"ListItem\",\"position\":3,\"name\":\"Vedlikehold\"}]},{\"@type\":\"WebSite\",\"@id\":\"https:\\\/\\\/arcaiosolutions.com\\\/#website\",\"url\":\"https:\\\/\\\/arcaiosolutions.com\\\/\",\"name\":\"ARCAIO Solutions\",\"description\":\"Arcaio AS \u00f8nsker \u00e5 skape inspirerende opplevelser der mennesker m\u00f8tes, leker og trives\",\"publisher\":{\"@id\":\"https:\\\/\\\/arcaiosolutions.com\\\/#organization\"},\"alternateName\":\"ARCAIO\",\"potentialAction\":[{\"@type\":\"SearchAction\",\"target\":{\"@type\":\"EntryPoint\",\"urlTemplate\":\"https:\\\/\\\/arcaiosolutions.com\\\/?s={search_term_string}\"},\"query-input\":{\"@type\":\"PropertyValueSpecification\",\"valueRequired\":true,\"valueName\":\"search_term_string\"}}],\"inLanguage\":\"sv-SE\"},{\"@type\":\"Organization\",\"@id\":\"https:\\\/\\\/arcaiosolutions.com\\\/#organization\",\"name\":\"ARCAIO Solutions\",\"alternateName\":\"ARCAIO\",\"url\":\"https:\\\/\\\/arcaiosolutions.com\\\/\",\"logo\":{\"@type\":\"ImageObject\",\"inLanguage\":\"sv-SE\",\"@id\":\"https:\\\/\\\/arcaiosolutions.com\\\/#\\\/schema\\\/logo\\\/image\\\/\",\"url\":\"https:\\\/\\\/arcaiosolutions.com\\\/wp-content\\\/uploads\\\/2025\\\/02\\\/Arcaio_logo.png\",\"contentUrl\":\"https:\\\/\\\/arcaiosolutions.com\\\/wp-content\\\/uploads\\\/2025\\\/02\\\/Arcaio_logo.png\",\"width\":1920,\"height\":707,\"caption\":\"ARCAIO Solutions\"},\"image\":{\"@id\":\"https:\\\/\\\/arcaiosolutions.com\\\/#\\\/schema\\\/logo\\\/image\\\/\"},\"sameAs\":[\"https:\\\/\\\/www.facebook.com\\\/share\\\/1G1m9exk1a\\\/?mibextid=wwXIfr\",\"https:\\\/\\\/www.linkedin.com\\\/company\\\/arcaiosolutions\\\/\",\"https:\\\/\\\/youtube.com\\\/@lekeland-grossisten?si=oq3LSqlBgtaY2O_m\"]}]}<\/script>\n<!-- \/ Yoast SEO plugin. -->","yoast_head_json":{"title":"Vedlikehold - Arcaio AS","robots":{"index":"index","follow":"follow","max-snippet":"max-snippet:-1","max-image-preview":"max-image-preview:large","max-video-preview":"max-video-preview:-1"},"canonical":"https:\/\/arcaiosolutions.com\/sv\/losninger\/vedlikehold\/","og_locale":"sv_SE","og_type":"article","og_title":"Vedlikehold - Arcaio AS","og_description":"Vedlikehold av ditt konsept For \u00e5 sikre trygg bruk, stabil drift og lang levetid tilbyr vi serviceavtaler og vedlikehold tilpasset b\u00e5de nye og eksisterende anlegg. Vi bist\u00e5r ogs\u00e5 akt\u00f8rer som ikke har f\u00e5tt anlegget levert av oss, og kan gjennomf\u00f8re oppgraderinger, utbedringer og modernisering av eksisterende l\u00f8sninger. I tillegg leverer vi produkter og tjenester som [&hellip;]","og_url":"https:\/\/arcaiosolutions.com\/sv\/losninger\/vedlikehold\/","og_site_name":"Arcaio AS","article_publisher":"https:\/\/www.facebook.com\/share\/1G1m9exk1a\/?mibextid=wwXIfr","article_modified_time":"2025-12-17T08:40:53+00:00","og_image":[{"url":"https:\/\/trusting-wing.217-170-194-30.plesk.page\/wp-content\/uploads\/2025\/06\/vedlikehold-arkade-1.jpg","type":"","width":"","height":""}],"twitter_card":"summary_large_image","twitter_misc":{"Ber\u00e4knad l\u00e4stid":"1 minut"},"schema":{"@context":"https:\/\/schema.org","@graph":[{"@type":"WebPage","@id":"https:\/\/arcaiosolutions.com\/losninger\/vedlikehold\/","url":"https:\/\/arcaiosolutions.com\/losninger\/vedlikehold\/","name":"Vedlikehold - Arcaio AS","isPartOf":{"@id":"https:\/\/arcaiosolutions.com\/#website"},"primaryImageOfPage":{"@id":"https:\/\/arcaiosolutions.com\/losninger\/vedlikehold\/#primaryimage"},"image":{"@id":"https:\/\/arcaiosolutions.com\/losninger\/vedlikehold\/#primaryimage"},"thumbnailUrl":"https:\/\/trusting-wing.217-170-194-30.plesk.page\/wp-content\/uploads\/2025\/06\/vedlikehold-arkade-1.jpg","datePublished":"2025-06-03T07:28:56+00:00","dateModified":"2025-12-17T08:40:53+00:00","breadcrumb":{"@id":"https:\/\/arcaiosolutions.com\/losninger\/vedlikehold\/#breadcrumb"},"inLanguage":"sv-SE","potentialAction":[{"@type":"ReadAction","target":["https:\/\/arcaiosolutions.com\/losninger\/vedlikehold\/"]}]},{"@type":"ImageObject","inLanguage":"sv-SE","@id":"https:\/\/arcaiosolutions.com\/losninger\/vedlikehold\/#primaryimage","url":"https:\/\/trusting-wing.217-170-194-30.plesk.page\/wp-content\/uploads\/2025\/06\/vedlikehold-arkade-1.jpg","contentUrl":"https:\/\/trusting-wing.217-170-194-30.plesk.page\/wp-content\/uploads\/2025\/06\/vedlikehold-arkade-1.jpg"},{"@type":"BreadcrumbList","@id":"https:\/\/arcaiosolutions.com\/losninger\/vedlikehold\/#breadcrumb","itemListElement":[{"@type":"ListItem","position":1,"name":"Hjem","item":"https:\/\/arcaiosolutions.com\/"},{"@type":"ListItem","position":2,"name":"L\u00f8sninger","item":"https:\/\/arcaiosolutions.com\/losninger\/"},{"@type":"ListItem","position":3,"name":"Vedlikehold"}]},{"@type":"WebSite","@id":"https:\/\/arcaiosolutions.com\/#website","url":"https:\/\/arcaiosolutions.com\/","name":"ARCAIO Solutions","description":"Arcaio AS vill skapa inspirerande upplevelser d\u00e4r m\u00e4nniskor m\u00f6ts, leker och trivs","publisher":{"@id":"https:\/\/arcaiosolutions.com\/#organization"},"alternateName":"ARCAIO","potentialAction":[{"@type":"SearchAction","target":{"@type":"EntryPoint","urlTemplate":"https:\/\/arcaiosolutions.com\/?s={search_term_string}"},"query-input":{"@type":"PropertyValueSpecification","valueRequired":true,"valueName":"search_term_string"}}],"inLanguage":"sv-SE"},{"@type":"Organization","@id":"https:\/\/arcaiosolutions.com\/#organization","name":"ARCAIO Solutions","alternateName":"ARCAIO","url":"https:\/\/arcaiosolutions.com\/","logo":{"@type":"ImageObject","inLanguage":"sv-SE","@id":"https:\/\/arcaiosolutions.com\/#\/schema\/logo\/image\/","url":"https:\/\/arcaiosolutions.com\/wp-content\/uploads\/2025\/02\/Arcaio_logo.png","contentUrl":"https:\/\/arcaiosolutions.com\/wp-content\/uploads\/2025\/02\/Arcaio_logo.png","width":1920,"height":707,"caption":"ARCAIO Solutions"},"image":{"@id":"https:\/\/arcaiosolutions.com\/#\/schema\/logo\/image\/"},"sameAs":["https:\/\/www.facebook.com\/share\/1G1m9exk1a\/?mibextid=wwXIfr","https:\/\/www.linkedin.com\/company\/arcaiosolutions\/","https:\/\/youtube.com\/@lekeland-grossisten?si=oq3LSqlBgtaY2O_m"]}]}},"_links":{"self":[{"href":"https:\/\/arcaiosolutions.com\/sv\/wp-json\/wp\/v2\/pages\/1770","targetHints":{"allow":["GET"]}}],"collection":[{"href":"https:\/\/arcaiosolutions.com\/sv\/wp-json\/wp\/v2\/pages"}],"about":[{"href":"https:\/\/arcaiosolutions.com\/sv\/wp-json\/wp\/v2\/types\/page"}],"author":[{"embeddable":true,"href":"https:\/\/arcaiosolutions.com\/sv\/wp-json\/wp\/v2\/users\/1"}],"replies":[{"embeddable":true,"href":"https:\/\/arcaiosolutions.com\/sv\/wp-json\/wp\/v2\/comments?post=1770"}],"version-history":[{"count":64,"href":"https:\/\/arcaiosolutions.com\/sv\/wp-json\/wp\/v2\/pages\/1770\/revisions"}],"predecessor-version":[{"id":4184,"href":"https:\/\/arcaiosolutions.com\/sv\/wp-json\/wp\/v2\/pages\/1770\/revisions\/4184"}],"up":[{"embeddable":true,"href":"https:\/\/arcaiosolutions.com\/sv\/wp-json\/wp\/v2\/pages\/1734"}],"wp:attachment":[{"href":"https:\/\/arcaiosolutions.com\/sv\/wp-json\/wp\/v2\/media?parent=1770"}],"curies":[{"name":"wp","href":"https:\/\/api.w.org\/{rel}","templated":true}]}}