{"id":1755,"date":"2025-06-03T07:18:11","date_gmt":"2025-06-03T07:18:11","guid":{"rendered":"https:\/\/trusting-wing.217-170-194-30.plesk.page\/?page_id=1755"},"modified":"2025-12-16T16:04:22","modified_gmt":"2025-12-16T15:04:22","slug":"radgivning","status":"publish","type":"page","link":"https:\/\/arcaiosolutions.com\/en\/losninger\/radgivning\/","title":{"rendered":"Consulting services"},"content":{"rendered":"<div data-elementor-type=\"wp-page\" data-elementor-id=\"1755\" class=\"elementor elementor-1755\" data-elementor-post-type=\"page\">\n\t\t\t\t<div class=\"elementor-element elementor-element-13df813 e-flex e-con-boxed e-con e-parent\" data-id=\"13df813\" data-element_type=\"container\" data-e-type=\"container\" data-settings=\"{&quot;background_background&quot;:&quot;classic&quot;}\">\n\t\t\t\t\t<div class=\"e-con-inner\">\n\t\t<div class=\"elementor-element elementor-element-c319463 e-con-full e-flex e-con e-child\" data-id=\"c319463\" data-element_type=\"container\" data-e-type=\"container\">\n\t\t\t\t<\/div>\n\t\t\t\t\t<\/div>\n\t\t\t\t<\/div>\n\t\t<div class=\"elementor-element elementor-element-2895846 e-flex e-con-boxed e-con e-parent\" data-id=\"2895846\" data-element_type=\"container\" data-e-type=\"container\" data-settings=\"{&quot;background_background&quot;:&quot;classic&quot;}\">\n\t\t\t\t\t<div class=\"e-con-inner\">\n\t\t<div class=\"elementor-element elementor-element-1ad1c2d e-con-full e-flex e-con e-child\" data-id=\"1ad1c2d\" data-element_type=\"container\" data-e-type=\"container\">\n\t\t<div class=\"elementor-element elementor-element-7c0b729 e-con-full e-flex e-con e-child\" data-id=\"7c0b729\" data-element_type=\"container\" data-e-type=\"container\">\n\t\t\t\t<div class=\"elementor-element elementor-element-ad3938a elementor-widget elementor-widget-heading\" data-id=\"ad3938a\" data-element_type=\"widget\" data-e-type=\"widget\" data-widget_type=\"heading.default\">\n\t\t\t\t<div class=\"elementor-widget-container\">\n\t\t\t\t\t<h2 class=\"elementor-heading-title elementor-size-default\">Our experienced team is ready to help<\/h2>\t\t\t\t<\/div>\n\t\t\t\t<\/div>\n\t\t\t\t<div class=\"elementor-element elementor-element-16bc570 elementor-widget elementor-widget-text-editor\" data-id=\"16bc570\" data-element_type=\"widget\" data-e-type=\"widget\" data-widget_type=\"text-editor.default\">\n\t\t\t\t<div class=\"elementor-widget-container\">\n\t\t\t\t\t\t\t\t\t<p data-start=\"199\" data-end=\"542\">As a full-service provider, consulting is one of our key strengths. We help our clients make sound, well-informed decisions early in the process and all the way through to operation. With extensive experience across a wide range of industries\u2014such as hotels, fitness centers, restaurants, and activity venues\u2014we understand both the big picture and the details that determine whether a concept succeeds.<\/p><p data-start=\"544\" data-end=\"830\">We support you with everything from needs analysis and concept development to space planning, solution selection, and optimization for efficient operation and profitability. Our role is to be a trusted sparring partner who views the project from multiple perspectives: financial performance, user experience, safety, and long-term operation.<\/p><blockquote data-start=\"832\" data-end=\"914\"><p data-start=\"834\" data-end=\"914\"><em>Good advice isn't just about what's possible - it's about what's right.<\/em><\/p><\/blockquote>\t\t\t\t\t\t\t\t<\/div>\n\t\t\t\t<\/div>\n\t\t\t\t<div class=\"elementor-element elementor-element-c1acdfd elementor-widget elementor-widget-spacer\" data-id=\"c1acdfd\" data-element_type=\"widget\" data-e-type=\"widget\" data-widget_type=\"spacer.default\">\n\t\t\t\t<div class=\"elementor-widget-container\">\n\t\t\t\t\t\t\t<div class=\"elementor-spacer\">\n\t\t\t<div class=\"elementor-spacer-inner\"><\/div>\n\t\t<\/div>\n\t\t\t\t\t\t<\/div>\n\t\t\t\t<\/div>\n\t\t<div class=\"elementor-element elementor-element-9fdfe3a e-con-full e-flex e-con e-child\" data-id=\"9fdfe3a\" data-element_type=\"container\" data-e-type=\"container\">\n\t\t\t\t<div class=\"elementor-element elementor-element-8b488de elementor-mobile-align-justify elementor-align-justify elementor-widget__width-initial elementor-widget elementor-widget-global elementor-global-1545 elementor-widget-button\" data-id=\"8b488de\" data-element_type=\"widget\" data-e-type=\"widget\" data-widget_type=\"button.default\">\n\t\t\t\t<div class=\"elementor-widget-container\">\n\t\t\t\t\t\t\t\t\t<div class=\"elementor-button-wrapper\">\n\t\t\t\t\t<a class=\"elementor-button elementor-button-link elementor-size-sm\" href=\"mailto:kontakt@arcaio.no\">\n\t\t\t\t\t\t<span class=\"elementor-button-content-wrapper\">\n\t\t\t\t\t\t\t\t\t<span class=\"elementor-button-text\">Contact<\/span>\n\t\t\t\t\t<\/span>\n\t\t\t\t\t<\/a>\n\t\t\t\t<\/div>\n\t\t\t\t\t\t\t\t<\/div>\n\t\t\t\t<\/div>\n\t\t\t\t<div class=\"elementor-element elementor-element-db59bfd elementor-mobile-align-justify elementor-align-justify elementor-widget__width-initial elementor-widget elementor-widget-global elementor-global-1561 elementor-widget-button\" data-id=\"db59bfd\" data-element_type=\"widget\" data-e-type=\"widget\" data-widget_type=\"button.default\">\n\t\t\t\t<div class=\"elementor-widget-container\">\n\t\t\t\t\t\t\t\t\t<div class=\"elementor-button-wrapper\">\n\t\t\t\t\t<a class=\"elementor-button elementor-button-link elementor-size-sm\" href=\"\/en\/losninger\/\">\n\t\t\t\t\t\t<span class=\"elementor-button-content-wrapper\">\n\t\t\t\t\t\t\t\t\t<span class=\"elementor-button-text\">Our solutions<\/span>\n\t\t\t\t\t<\/span>\n\t\t\t\t\t<\/a>\n\t\t\t\t<\/div>\n\t\t\t\t\t\t\t\t<\/div>\n\t\t\t\t<\/div>\n\t\t\t\t<\/div>\n\t\t\t\t<\/div>\n\t\t<div class=\"elementor-element elementor-element-c86c56c e-con-full e-flex e-con e-child\" data-id=\"c86c56c\" data-element_type=\"container\" data-e-type=\"container\">\n\t\t\t\t<div class=\"elementor-element elementor-element-09fa64f elementor-widget elementor-widget-image\" data-id=\"09fa64f\" data-element_type=\"widget\" data-e-type=\"widget\" data-widget_type=\"image.default\">\n\t\t\t\t<div class=\"elementor-widget-container\">\n\t\t\t\t\t\t\t\t\t\t\t\t\t\t\t<img fetchpriority=\"high\" decoding=\"async\" width=\"1920\" height=\"1280\" src=\"https:\/\/arcaiosolutions.com\/wp-content\/uploads\/2025\/06\/radgivere-1.jpg\" class=\"attachment-full size-full wp-image-1956\" alt=\"r\u00e5dgivere-1\" srcset=\"https:\/\/arcaiosolutions.com\/wp-content\/uploads\/2025\/06\/radgivere-1.jpg 1920w, https:\/\/arcaiosolutions.com\/wp-content\/uploads\/2025\/06\/radgivere-1-300x200.jpg 300w, https:\/\/arcaiosolutions.com\/wp-content\/uploads\/2025\/06\/radgivere-1-1024x683.jpg 1024w, https:\/\/arcaiosolutions.com\/wp-content\/uploads\/2025\/06\/radgivere-1-768x512.jpg 768w, https:\/\/arcaiosolutions.com\/wp-content\/uploads\/2025\/06\/radgivere-1-1536x1024.jpg 1536w, https:\/\/arcaiosolutions.com\/wp-content\/uploads\/2025\/06\/radgivere-1-600x400.jpg 600w\" sizes=\"(max-width: 1920px) 100vw, 1920px\" \/>\t\t\t\t\t\t\t\t\t\t\t\t\t\t\t<\/div>\n\t\t\t\t<\/div>\n\t\t\t\t<\/div>\n\t\t\t\t<\/div>\n\t\t\t\t<div class=\"elementor-element elementor-element-8581a3c elementor-widget elementor-widget-spacer\" data-id=\"8581a3c\" data-element_type=\"widget\" data-e-type=\"widget\" data-widget_type=\"spacer.default\">\n\t\t\t\t<div class=\"elementor-widget-container\">\n\t\t\t\t\t\t\t<div class=\"elementor-spacer\">\n\t\t\t<div class=\"elementor-spacer-inner\"><\/div>\n\t\t<\/div>\n\t\t\t\t\t\t<\/div>\n\t\t\t\t<\/div>\n\t\t\t\t\t<\/div>\n\t\t\t\t<\/div>\n\t\t<div class=\"elementor-element elementor-element-6e43944 e-flex e-con-boxed e-con e-parent\" data-id=\"6e43944\" data-element_type=\"container\" data-e-type=\"container\" data-settings=\"{&quot;background_background&quot;:&quot;classic&quot;}\">\n\t\t\t\t\t<div class=\"e-con-inner\">\n\t\t<div class=\"elementor-element elementor-element-06cb10b e-con-full e-flex e-con e-child\" data-id=\"06cb10b\" data-element_type=\"container\" data-e-type=\"container\">\n\t\t<div class=\"elementor-element elementor-element-215c629 e-con-full e-flex e-con e-child\" data-id=\"215c629\" data-element_type=\"container\" data-e-type=\"container\">\n\t\t\t\t<div class=\"elementor-element elementor-element-675cd48 elementor-widget elementor-widget-global elementor-global-146 elementor-widget-heading\" data-id=\"675cd48\" data-element_type=\"widget\" data-e-type=\"widget\" data-widget_type=\"heading.default\">\n\t\t\t\t<div class=\"elementor-widget-container\">\n\t\t\t\t\t<h6 class=\"elementor-heading-title elementor-size-default\">Do you have a dream of starting your own activity center?<\/h6>\t\t\t\t<\/div>\n\t\t\t\t<\/div>\n\t\t\t\t<div class=\"elementor-element elementor-element-5df32a3 elementor-widget elementor-widget-global elementor-global-140 elementor-widget-heading\" data-id=\"5df32a3\" data-element_type=\"widget\" data-e-type=\"widget\" data-widget_type=\"heading.default\">\n\t\t\t\t<div class=\"elementor-widget-container\">\n\t\t\t\t\t<h2 class=\"elementor-heading-title elementor-size-default\">Contact us today<\/h2>\t\t\t\t<\/div>\n\t\t\t\t<\/div>\n\t\t\t\t<div class=\"elementor-element elementor-element-94faf15 elementor-widget elementor-widget-global elementor-global-134 elementor-widget-text-editor\" data-id=\"94faf15\" data-element_type=\"widget\" data-e-type=\"widget\" data-widget_type=\"text-editor.default\">\n\t\t\t\t<div class=\"elementor-widget-container\">\n\t\t\t\t\t\t\t\t\t<p>Arcaio works every day to deliver the best quality and offer the most unique concepts to our customers.\u00a0<\/p>\t\t\t\t\t\t\t\t<\/div>\n\t\t\t\t<\/div>\n\t\t\t\t<\/div>\n\t\t<div class=\"elementor-element elementor-element-a71cfed e-con-full e-flex e-con e-child\" data-id=\"a71cfed\" data-element_type=\"container\" data-e-type=\"container\">\n\t\t\t\t<div class=\"elementor-element elementor-element-64fc8ca elementor-align-justify elementor-mobile-align-justify elementor-tablet-align-justify elementor-widget-tablet__width-initial elementor-widget elementor-widget-global elementor-global-1419 elementor-widget-button\" data-id=\"64fc8ca\" data-element_type=\"widget\" data-e-type=\"widget\" data-widget_type=\"button.default\">\n\t\t\t\t<div class=\"elementor-widget-container\">\n\t\t\t\t\t\t\t\t\t<div class=\"elementor-button-wrapper\">\n\t\t\t\t\t<a class=\"elementor-button elementor-button-link elementor-size-sm\" href=\"mailto:kontakt@arcaio.no\">\n\t\t\t\t\t\t<span class=\"elementor-button-content-wrapper\">\n\t\t\t\t\t\t<span class=\"elementor-button-icon\">\n\t\t\t\t<svg aria-hidden=\"true\" class=\"e-font-icon-svg e-fas-envelope\" viewbox=\"0 0 512 512\" xmlns=\"http:\/\/www.w3.org\/2000\/svg\"><path d=\"M502.3 190.8c3.9-3.1 9.7-.2 9.7 4.7V400c0 26.5-21.5 48-48 48H48c-26.5 0-48-21.5-48-48V195.6c0-5 5.7-7.8 9.7-4.7 22.4 17.4 52.1 39.5 154.1 113.6 21.1 15.4 56.7 47.8 92.2 47.6 35.7.3 72-32.8 92.3-47.6 102-74.1 131.6-96.3 154-113.7zM256 320c23.2.4 56.6-29.2 73.4-41.4 132.7-96.3 142.8-104.7 173.4-128.7 5.8-4.5 9.2-11.5 9.2-18.9v-19c0-26.5-21.5-48-48-48H48C21.5 64 0 85.5 0 112v19c0 7.4 3.4 14.3 9.2 18.9 30.6 23.9 40.7 32.4 173.4 128.7 16.8 12.2 50.2 41.8 73.4 41.4z\"><\/path><\/svg>\t\t\t<\/span>\n\t\t\t\t\t\t\t\t\t<span class=\"elementor-button-text\">Send us an email<\/span>\n\t\t\t\t\t<\/span>\n\t\t\t\t\t<\/a>\n\t\t\t\t<\/div>\n\t\t\t\t\t\t\t\t<\/div>\n\t\t\t\t<\/div>\n\t\t\t\t<div class=\"elementor-element elementor-element-50c37f2 elementor-align-justify elementor-mobile-align-justify elementor-tablet-align-justify elementor-widget-tablet__width-initial elementor-widget elementor-widget-global elementor-global-1422 elementor-widget-button\" data-id=\"50c37f2\" data-element_type=\"widget\" data-e-type=\"widget\" data-widget_type=\"button.default\">\n\t\t\t\t<div class=\"elementor-widget-container\">\n\t\t\t\t\t\t\t\t\t<div class=\"elementor-button-wrapper\">\n\t\t\t\t\t<a class=\"elementor-button elementor-button-link elementor-size-sm\" href=\"tel:004769155240\">\n\t\t\t\t\t\t<span class=\"elementor-button-content-wrapper\">\n\t\t\t\t\t\t<span class=\"elementor-button-icon\">\n\t\t\t\t<svg aria-hidden=\"true\" class=\"e-font-icon-svg e-fas-phone-alt\" viewbox=\"0 0 512 512\" xmlns=\"http:\/\/www.w3.org\/2000\/svg\"><path d=\"M497.39 361.8l-112-48a24 24 0 0 0-28 6.9l-49.6 60.6A370.66 370.66 0 0 1 130.6 204.11l60.6-49.6a23.94 23.94 0 0 0 6.9-28l-48-112A24.16 24.16 0 0 0 122.6.61l-104 24A24 24 0 0 0 0 48c0 256.5 207.9 464 464 464a24 24 0 0 0 23.4-18.6l24-104a24.29 24.29 0 0 0-14.01-27.6z\"><\/path><\/svg>\t\t\t<\/span>\n\t\t\t\t\t\t\t\t\t<span class=\"elementor-button-text\">Give us a call<\/span>\n\t\t\t\t\t<\/span>\n\t\t\t\t\t<\/a>\n\t\t\t\t<\/div>\n\t\t\t\t\t\t\t\t<\/div>\n\t\t\t\t<\/div>\n\t\t\t\t<\/div>\n\t\t\t\t<\/div>\n\t\t\t\t\t<\/div>\n\t\t\t\t<\/div>\n\t\t\t\t<\/div>","protected":false},"excerpt":{"rendered":"<p>R\u00e5dgivning for deg og ditt konsept Som totalleverand\u00f8r er r\u00e5dgivning en av v\u00e5re viktigste styrker. Vi hjelper kundene v\u00e5re med \u00e5 ta gode, gjennomtenkte valg tidlig i prosessen og hele veien frem til drift. Med lang erfaring fra ulike bransjer, som hotell, treningssentre, restauranter og aktivitetsanlegg, forst\u00e5r vi b\u00e5de helheten og detaljene som avgj\u00f8r om [&hellip;]<\/p>\n","protected":false},"author":1,"featured_media":0,"parent":1734,"menu_order":0,"comment_status":"closed","ping_status":"closed","template":"","meta":{"footnotes":""},"class_list":["post-1755","page","type-page","status-publish","hentry"],"yoast_head":"<!-- This site is optimized with the Yoast SEO plugin v27.5 - https:\/\/yoast.com\/product\/yoast-seo-wordpress\/ -->\n<title>R\u00e5dgivning - Arcaio AS<\/title>\n<meta name=\"robots\" content=\"index, follow, max-snippet:-1, max-image-preview:large, max-video-preview:-1\" \/>\n<link rel=\"canonical\" href=\"https:\/\/arcaiosolutions.com\/en\/losninger\/radgivning\/\" \/>\n<meta property=\"og:locale\" content=\"en_US\" \/>\n<meta property=\"og:type\" content=\"article\" \/>\n<meta property=\"og:title\" content=\"R\u00e5dgivning - Arcaio AS\" \/>\n<meta property=\"og:description\" content=\"R\u00e5dgivning for deg og ditt konsept Som totalleverand\u00f8r er r\u00e5dgivning en av v\u00e5re viktigste styrker. Vi hjelper kundene v\u00e5re med \u00e5 ta gode, gjennomtenkte valg tidlig i prosessen og hele veien frem til drift. Med lang erfaring fra ulike bransjer, som hotell, treningssentre, restauranter og aktivitetsanlegg, forst\u00e5r vi b\u00e5de helheten og detaljene som avgj\u00f8r om [&hellip;]\" \/>\n<meta property=\"og:url\" content=\"https:\/\/arcaiosolutions.com\/en\/losninger\/radgivning\/\" \/>\n<meta property=\"og:site_name\" content=\"Arcaio AS\" \/>\n<meta property=\"article:publisher\" content=\"https:\/\/www.facebook.com\/share\/1G1m9exk1a\/?mibextid=wwXIfr\" \/>\n<meta property=\"article:modified_time\" content=\"2025-12-16T15:04:22+00:00\" \/>\n<meta property=\"og:image\" content=\"https:\/\/trusting-wing.217-170-194-30.plesk.page\/wp-content\/uploads\/2025\/06\/radgivere-1.jpg\" \/>\n<meta name=\"twitter:card\" content=\"summary_large_image\" \/>\n<meta name=\"twitter:label1\" content=\"Est. reading time\" \/>\n\t<meta name=\"twitter:data1\" content=\"1 minute\" \/>\n<script type=\"application\/ld+json\" class=\"yoast-schema-graph\">{\"@context\":\"https:\\\/\\\/schema.org\",\"@graph\":[{\"@type\":\"WebPage\",\"@id\":\"https:\\\/\\\/arcaiosolutions.com\\\/losninger\\\/radgivning\\\/\",\"url\":\"https:\\\/\\\/arcaiosolutions.com\\\/losninger\\\/radgivning\\\/\",\"name\":\"R\u00e5dgivning - Arcaio AS\",\"isPartOf\":{\"@id\":\"https:\\\/\\\/arcaiosolutions.com\\\/#website\"},\"primaryImageOfPage\":{\"@id\":\"https:\\\/\\\/arcaiosolutions.com\\\/losninger\\\/radgivning\\\/#primaryimage\"},\"image\":{\"@id\":\"https:\\\/\\\/arcaiosolutions.com\\\/losninger\\\/radgivning\\\/#primaryimage\"},\"thumbnailUrl\":\"https:\\\/\\\/trusting-wing.217-170-194-30.plesk.page\\\/wp-content\\\/uploads\\\/2025\\\/06\\\/radgivere-1.jpg\",\"datePublished\":\"2025-06-03T07:18:11+00:00\",\"dateModified\":\"2025-12-16T15:04:22+00:00\",\"breadcrumb\":{\"@id\":\"https:\\\/\\\/arcaiosolutions.com\\\/losninger\\\/radgivning\\\/#breadcrumb\"},\"inLanguage\":\"en-US\",\"potentialAction\":[{\"@type\":\"ReadAction\",\"target\":[\"https:\\\/\\\/arcaiosolutions.com\\\/losninger\\\/radgivning\\\/\"]}]},{\"@type\":\"ImageObject\",\"inLanguage\":\"en-US\",\"@id\":\"https:\\\/\\\/arcaiosolutions.com\\\/losninger\\\/radgivning\\\/#primaryimage\",\"url\":\"https:\\\/\\\/trusting-wing.217-170-194-30.plesk.page\\\/wp-content\\\/uploads\\\/2025\\\/06\\\/radgivere-1.jpg\",\"contentUrl\":\"https:\\\/\\\/trusting-wing.217-170-194-30.plesk.page\\\/wp-content\\\/uploads\\\/2025\\\/06\\\/radgivere-1.jpg\"},{\"@type\":\"BreadcrumbList\",\"@id\":\"https:\\\/\\\/arcaiosolutions.com\\\/losninger\\\/radgivning\\\/#breadcrumb\",\"itemListElement\":[{\"@type\":\"ListItem\",\"position\":1,\"name\":\"Hjem\",\"item\":\"https:\\\/\\\/arcaiosolutions.com\\\/\"},{\"@type\":\"ListItem\",\"position\":2,\"name\":\"L\u00f8sninger\",\"item\":\"https:\\\/\\\/arcaiosolutions.com\\\/losninger\\\/\"},{\"@type\":\"ListItem\",\"position\":3,\"name\":\"R\u00e5dgivning\"}]},{\"@type\":\"WebSite\",\"@id\":\"https:\\\/\\\/arcaiosolutions.com\\\/#website\",\"url\":\"https:\\\/\\\/arcaiosolutions.com\\\/\",\"name\":\"ARCAIO Solutions\",\"description\":\"Arcaio AS \u00f8nsker \u00e5 skape inspirerende opplevelser der mennesker m\u00f8tes, leker og trives\",\"publisher\":{\"@id\":\"https:\\\/\\\/arcaiosolutions.com\\\/#organization\"},\"alternateName\":\"ARCAIO\",\"potentialAction\":[{\"@type\":\"SearchAction\",\"target\":{\"@type\":\"EntryPoint\",\"urlTemplate\":\"https:\\\/\\\/arcaiosolutions.com\\\/?s={search_term_string}\"},\"query-input\":{\"@type\":\"PropertyValueSpecification\",\"valueRequired\":true,\"valueName\":\"search_term_string\"}}],\"inLanguage\":\"en-US\"},{\"@type\":\"Organization\",\"@id\":\"https:\\\/\\\/arcaiosolutions.com\\\/#organization\",\"name\":\"ARCAIO Solutions\",\"alternateName\":\"ARCAIO\",\"url\":\"https:\\\/\\\/arcaiosolutions.com\\\/\",\"logo\":{\"@type\":\"ImageObject\",\"inLanguage\":\"en-US\",\"@id\":\"https:\\\/\\\/arcaiosolutions.com\\\/#\\\/schema\\\/logo\\\/image\\\/\",\"url\":\"https:\\\/\\\/arcaiosolutions.com\\\/wp-content\\\/uploads\\\/2025\\\/02\\\/Arcaio_logo.png\",\"contentUrl\":\"https:\\\/\\\/arcaiosolutions.com\\\/wp-content\\\/uploads\\\/2025\\\/02\\\/Arcaio_logo.png\",\"width\":1920,\"height\":707,\"caption\":\"ARCAIO Solutions\"},\"image\":{\"@id\":\"https:\\\/\\\/arcaiosolutions.com\\\/#\\\/schema\\\/logo\\\/image\\\/\"},\"sameAs\":[\"https:\\\/\\\/www.facebook.com\\\/share\\\/1G1m9exk1a\\\/?mibextid=wwXIfr\",\"https:\\\/\\\/www.linkedin.com\\\/company\\\/arcaiosolutions\\\/\",\"https:\\\/\\\/youtube.com\\\/@lekeland-grossisten?si=oq3LSqlBgtaY2O_m\"]}]}<\/script>\n<!-- \/ Yoast SEO plugin. -->","yoast_head_json":{"title":"R\u00e5dgivning - Arcaio AS","robots":{"index":"index","follow":"follow","max-snippet":"max-snippet:-1","max-image-preview":"max-image-preview:large","max-video-preview":"max-video-preview:-1"},"canonical":"https:\/\/arcaiosolutions.com\/en\/losninger\/radgivning\/","og_locale":"en_US","og_type":"article","og_title":"R\u00e5dgivning - Arcaio AS","og_description":"R\u00e5dgivning for deg og ditt konsept Som totalleverand\u00f8r er r\u00e5dgivning en av v\u00e5re viktigste styrker. Vi hjelper kundene v\u00e5re med \u00e5 ta gode, gjennomtenkte valg tidlig i prosessen og hele veien frem til drift. Med lang erfaring fra ulike bransjer, som hotell, treningssentre, restauranter og aktivitetsanlegg, forst\u00e5r vi b\u00e5de helheten og detaljene som avgj\u00f8r om [&hellip;]","og_url":"https:\/\/arcaiosolutions.com\/en\/losninger\/radgivning\/","og_site_name":"Arcaio AS","article_publisher":"https:\/\/www.facebook.com\/share\/1G1m9exk1a\/?mibextid=wwXIfr","article_modified_time":"2025-12-16T15:04:22+00:00","og_image":[{"url":"https:\/\/trusting-wing.217-170-194-30.plesk.page\/wp-content\/uploads\/2025\/06\/radgivere-1.jpg","type":"","width":"","height":""}],"twitter_card":"summary_large_image","twitter_misc":{"Est. reading time":"1 minute"},"schema":{"@context":"https:\/\/schema.org","@graph":[{"@type":"WebPage","@id":"https:\/\/arcaiosolutions.com\/losninger\/radgivning\/","url":"https:\/\/arcaiosolutions.com\/losninger\/radgivning\/","name":"R\u00e5dgivning - Arcaio AS","isPartOf":{"@id":"https:\/\/arcaiosolutions.com\/#website"},"primaryImageOfPage":{"@id":"https:\/\/arcaiosolutions.com\/losninger\/radgivning\/#primaryimage"},"image":{"@id":"https:\/\/arcaiosolutions.com\/losninger\/radgivning\/#primaryimage"},"thumbnailUrl":"https:\/\/trusting-wing.217-170-194-30.plesk.page\/wp-content\/uploads\/2025\/06\/radgivere-1.jpg","datePublished":"2025-06-03T07:18:11+00:00","dateModified":"2025-12-16T15:04:22+00:00","breadcrumb":{"@id":"https:\/\/arcaiosolutions.com\/losninger\/radgivning\/#breadcrumb"},"inLanguage":"en-US","potentialAction":[{"@type":"ReadAction","target":["https:\/\/arcaiosolutions.com\/losninger\/radgivning\/"]}]},{"@type":"ImageObject","inLanguage":"en-US","@id":"https:\/\/arcaiosolutions.com\/losninger\/radgivning\/#primaryimage","url":"https:\/\/trusting-wing.217-170-194-30.plesk.page\/wp-content\/uploads\/2025\/06\/radgivere-1.jpg","contentUrl":"https:\/\/trusting-wing.217-170-194-30.plesk.page\/wp-content\/uploads\/2025\/06\/radgivere-1.jpg"},{"@type":"BreadcrumbList","@id":"https:\/\/arcaiosolutions.com\/losninger\/radgivning\/#breadcrumb","itemListElement":[{"@type":"ListItem","position":1,"name":"Hjem","item":"https:\/\/arcaiosolutions.com\/"},{"@type":"ListItem","position":2,"name":"L\u00f8sninger","item":"https:\/\/arcaiosolutions.com\/losninger\/"},{"@type":"ListItem","position":3,"name":"R\u00e5dgivning"}]},{"@type":"WebSite","@id":"https:\/\/arcaiosolutions.com\/#website","url":"https:\/\/arcaiosolutions.com\/","name":"ARCAIO Solutions","description":"Arcaio AS \u00f8nsker \u00e5 skape inspirerende opplevelser der mennesker m\u00f8tes, leker og trives","publisher":{"@id":"https:\/\/arcaiosolutions.com\/#organization"},"alternateName":"ARCAIO","potentialAction":[{"@type":"SearchAction","target":{"@type":"EntryPoint","urlTemplate":"https:\/\/arcaiosolutions.com\/?s={search_term_string}"},"query-input":{"@type":"PropertyValueSpecification","valueRequired":true,"valueName":"search_term_string"}}],"inLanguage":"en-US"},{"@type":"Organization","@id":"https:\/\/arcaiosolutions.com\/#organization","name":"ARCAIO Solutions","alternateName":"ARCAIO","url":"https:\/\/arcaiosolutions.com\/","logo":{"@type":"ImageObject","inLanguage":"en-US","@id":"https:\/\/arcaiosolutions.com\/#\/schema\/logo\/image\/","url":"https:\/\/arcaiosolutions.com\/wp-content\/uploads\/2025\/02\/Arcaio_logo.png","contentUrl":"https:\/\/arcaiosolutions.com\/wp-content\/uploads\/2025\/02\/Arcaio_logo.png","width":1920,"height":707,"caption":"ARCAIO Solutions"},"image":{"@id":"https:\/\/arcaiosolutions.com\/#\/schema\/logo\/image\/"},"sameAs":["https:\/\/www.facebook.com\/share\/1G1m9exk1a\/?mibextid=wwXIfr","https:\/\/www.linkedin.com\/company\/arcaiosolutions\/","https:\/\/youtube.com\/@lekeland-grossisten?si=oq3LSqlBgtaY2O_m"]}]}},"_links":{"self":[{"href":"https:\/\/arcaiosolutions.com\/en\/wp-json\/wp\/v2\/pages\/1755","targetHints":{"allow":["GET"]}}],"collection":[{"href":"https:\/\/arcaiosolutions.com\/en\/wp-json\/wp\/v2\/pages"}],"about":[{"href":"https:\/\/arcaiosolutions.com\/en\/wp-json\/wp\/v2\/types\/page"}],"author":[{"embeddable":true,"href":"https:\/\/arcaiosolutions.com\/en\/wp-json\/wp\/v2\/users\/1"}],"replies":[{"embeddable":true,"href":"https:\/\/arcaiosolutions.com\/en\/wp-json\/wp\/v2\/comments?post=1755"}],"version-history":[{"count":64,"href":"https:\/\/arcaiosolutions.com\/en\/wp-json\/wp\/v2\/pages\/1755\/revisions"}],"predecessor-version":[{"id":4142,"href":"https:\/\/arcaiosolutions.com\/en\/wp-json\/wp\/v2\/pages\/1755\/revisions\/4142"}],"up":[{"embeddable":true,"href":"https:\/\/arcaiosolutions.com\/en\/wp-json\/wp\/v2\/pages\/1734"}],"wp:attachment":[{"href":"https:\/\/arcaiosolutions.com\/en\/wp-json\/wp\/v2\/media?parent=1755"}],"curies":[{"name":"wp","href":"https:\/\/api.w.org\/{rel}","templated":true}]}}